{"id":365,"date":"2021-08-12T20:31:43","date_gmt":"2021-08-12T20:31:43","guid":{"rendered":"https:\/\/panelteconline.com\/?page_id=365"},"modified":"2022-11-15T15:33:10","modified_gmt":"2022-11-15T15:33:10","slug":"cerramientos-paneleria","status":"publish","type":"page","link":"https:\/\/panelteconline.com\/en\/cerramientos-paneleria\/","title":{"rendered":"Enclosures &amp; Panels"},"content":{"rendered":"<div data-elementor-type=\"wp-page\" data-elementor-id=\"365\" class=\"elementor elementor-365\" data-elementor-post-type=\"page\">\n\t\t\t\t\t\t<section data-particle_enable=\"false\" data-particle-mobile-disabled=\"false\" class=\"elementor-section elementor-top-section elementor-element elementor-element-5c23c49 elementor-section-height-min-height elementor-section-boxed elementor-section-height-default elementor-section-items-middle\" data-id=\"5c23c49\" data-element_type=\"section\" data-settings=\"{&quot;background_background&quot;:&quot;classic&quot;}\">\n\t\t\t\t\t\t<div class=\"elementor-container elementor-column-gap-default\">\n\t\t\t\t\t<div class=\"elementor-column elementor-col-100 elementor-top-column elementor-element elementor-element-bc1408c\" data-id=\"bc1408c\" data-element_type=\"column\">\n\t\t\t<div class=\"elementor-widget-wrap elementor-element-populated\">\n\t\t\t\t\t\t<div class=\"elementor-element elementor-element-8a6f12d animated-slow elementor-invisible elementor-widget elementor-widget-heading\" data-id=\"8a6f12d\" data-element_type=\"widget\" data-settings=\"{&quot;_animation&quot;:&quot;fadeInUp&quot;}\" data-widget_type=\"heading.default\">\n\t\t\t\t<div class=\"elementor-widget-container\">\n\t\t\t\t\t<h2 class=\"elementor-heading-title elementor-size-default\">Enclosures &amp; Panels<\/h2>\t\t\t\t<\/div>\n\t\t\t\t<\/div>\n\t\t\t\t\t<\/div>\n\t\t<\/div>\n\t\t\t\t\t<\/div>\n\t\t<\/section>\n\t\t\t\t<section data-particle_enable=\"false\" data-particle-mobile-disabled=\"false\" class=\"elementor-section elementor-top-section elementor-element elementor-element-5335787 elementor-section-boxed elementor-section-height-default elementor-section-height-default\" data-id=\"5335787\" data-element_type=\"section\">\n\t\t\t\t\t\t<div class=\"elementor-container elementor-column-gap-default\">\n\t\t\t\t\t<div class=\"elementor-column elementor-col-100 elementor-top-column elementor-element elementor-element-3f02214\" data-id=\"3f02214\" data-element_type=\"column\">\n\t\t\t<div class=\"elementor-widget-wrap elementor-element-populated\">\n\t\t\t\t\t\t<section data-particle_enable=\"false\" data-particle-mobile-disabled=\"false\" class=\"elementor-section elementor-inner-section elementor-element elementor-element-337d66b elementor-section-full_width elementor-section-height-default elementor-section-height-default elementor-invisible\" data-id=\"337d66b\" data-element_type=\"section\" data-settings=\"{&quot;animation&quot;:&quot;fadeInUp&quot;}\">\n\t\t\t\t\t\t<div class=\"elementor-container elementor-column-gap-default\">\n\t\t\t\t\t<div class=\"elementor-column elementor-col-25 elementor-inner-column elementor-element elementor-element-6abf3ec\" data-id=\"6abf3ec\" data-element_type=\"column\" data-settings=\"{&quot;background_background&quot;:&quot;classic&quot;}\">\n\t\t\t<div class=\"elementor-widget-wrap elementor-element-populated\">\n\t\t\t\t\t\t<div class=\"elementor-element elementor-element-af8d07e elementor-widget elementor-widget-heading\" data-id=\"af8d07e\" data-element_type=\"widget\" data-widget_type=\"heading.default\">\n\t\t\t\t<div class=\"elementor-widget-container\">\n\t\t\t\t\t<h2 class=\"elementor-heading-title elementor-size-default\">Enclosures &amp; Panels<\/h2>\t\t\t\t<\/div>\n\t\t\t\t<\/div>\n\t\t\t\t<div class=\"elementor-element elementor-element-385293f elementor-widget elementor-widget-text-editor\" data-id=\"385293f\" data-element_type=\"widget\" data-widget_type=\"text-editor.default\">\n\t\t\t\t<div class=\"elementor-widget-container\">\n\t\t\t\t\t\t\t\t\t<p>We have different options for enclosures and panels, both nationally manufactured and from our imported brands.<\/p>\t\t\t\t\t\t\t\t<\/div>\n\t\t\t\t<\/div>\n\t\t\t\t\t<\/div>\n\t\t<\/div>\n\t\t\t\t<div class=\"elementor-column elementor-col-25 elementor-inner-column elementor-element elementor-element-21a38b6\" data-id=\"21a38b6\" data-element_type=\"column\">\n\t\t\t<div class=\"elementor-widget-wrap elementor-element-populated\">\n\t\t\t\t\t\t<div class=\"elementor-element elementor-element-3e08a04 elementor-widget elementor-widget-eael-interactive-promo\" data-id=\"3e08a04\" data-element_type=\"widget\" data-widget_type=\"eael-interactive-promo.default\">\n\t\t\t\t<div class=\"elementor-widget-container\">\n\t\t\t\t\t\t\t<div id=\"eael-promo-3e08a04\" class=\"eael-interactive-promo\">\n\t\t\t<figure class=\"effect-sadie\">\n\t\t\t\t<img decoding=\"async\" alt=\"\" src=\"https:\/\/panelteconline.com\/wp-content\/uploads\/2021\/08\/3-2.png\">\t\t\t\t<figcaption>\n\t\t\t\t\t<div>\n\t\t\t\t\t\t\t\t\t\t\t\t\t<h2>F3<\/h2>\n\t\t\t\t\t\t\n\t\t\t\t\t\t<p><p>Explore &gt;<\/p><\/p>\n\t\t\t\t\t<\/div>\n\t\t\t\t\t                        <a aria-label=\"F3\" href=\"#\"><\/a>\n\t\t\t\t\t\t\t\t\t<\/figcaption>\n\t\t\t<\/figure>\n\t\t<\/div>\n\t\t\t\t\t\t<\/div>\n\t\t\t\t<\/div>\n\t\t\t\t\t<\/div>\n\t\t<\/div>\n\t\t\t\t<div class=\"elementor-column elementor-col-25 elementor-inner-column elementor-element elementor-element-1d916e0\" data-id=\"1d916e0\" data-element_type=\"column\">\n\t\t\t<div class=\"elementor-widget-wrap elementor-element-populated\">\n\t\t\t\t\t\t<div class=\"elementor-element elementor-element-6877ac9 elementor-widget elementor-widget-eael-interactive-promo\" data-id=\"6877ac9\" data-element_type=\"widget\" data-widget_type=\"eael-interactive-promo.default\">\n\t\t\t\t<div class=\"elementor-widget-container\">\n\t\t\t\t\t\t\t<div id=\"eael-promo-6877ac9\" class=\"eael-interactive-promo\">\n\t\t\t<figure class=\"effect-sadie\">\n\t\t\t\t<img decoding=\"async\" alt=\"\" src=\"https:\/\/panelteconline.com\/wp-content\/uploads\/2021\/08\/1ee654e9-a05b-42cf-bf29-e247a2ff0409.jpg\">\t\t\t\t<figcaption>\n\t\t\t\t\t<div>\n\t\t\t\t\t\t\t\t\t\t\t\t\t<h2>Quantum<\/h2>\n\t\t\t\t\t\t\n\t\t\t\t\t\t<p><p>Explore &gt;<\/p><\/p>\n\t\t\t\t\t<\/div>\n\t\t\t\t\t                        <a aria-label=\"Quantum\" href=\"#\"><\/a>\n\t\t\t\t\t\t\t\t\t<\/figcaption>\n\t\t\t<\/figure>\n\t\t<\/div>\n\t\t\t\t\t\t<\/div>\n\t\t\t\t<\/div>\n\t\t\t\t\t<\/div>\n\t\t<\/div>\n\t\t\t\t<div class=\"elementor-column elementor-col-25 elementor-inner-column elementor-element elementor-element-2d94aab\" data-id=\"2d94aab\" data-element_type=\"column\">\n\t\t\t<div class=\"elementor-widget-wrap elementor-element-populated\">\n\t\t\t\t\t\t<div class=\"elementor-element elementor-element-d714e72 elementor-widget elementor-widget-eael-interactive-promo\" data-id=\"d714e72\" data-element_type=\"widget\" data-widget_type=\"eael-interactive-promo.default\">\n\t\t\t\t<div class=\"elementor-widget-container\">\n\t\t\t\t\t\t\t<div id=\"eael-promo-d714e72\" class=\"eael-interactive-promo\">\n\t\t\t<figure class=\"effect-sadie\">\n\t\t\t\t<img decoding=\"async\" alt=\"\" src=\"https:\/\/panelteconline.com\/wp-content\/uploads\/2021\/08\/md1.jpeg\">\t\t\t\t<figcaption>\n\t\t\t\t\t<div>\n\t\t\t\t\t\t\t\t\t\t\t\t\t<h2>Modernfold<\/h2>\n\t\t\t\t\t\t\n\t\t\t\t\t\t<p><p>Explore &gt;<\/p><\/p>\n\t\t\t\t\t<\/div>\n\t\t\t\t\t                        <a aria-label=\"Modernfold\" href=\"#\"><\/a>\n\t\t\t\t\t\t\t\t\t<\/figcaption>\n\t\t\t<\/figure>\n\t\t<\/div>\n\t\t\t\t\t\t<\/div>\n\t\t\t\t<\/div>\n\t\t\t\t\t<\/div>\n\t\t<\/div>\n\t\t\t\t\t<\/div>\n\t\t<\/section>\n\t\t\t\t<section data-particle_enable=\"false\" data-particle-mobile-disabled=\"false\" class=\"elementor-section elementor-inner-section elementor-element elementor-element-7b7e450 elementor-section-full_width elementor-section-height-default elementor-section-height-default elementor-invisible\" data-id=\"7b7e450\" data-element_type=\"section\" data-settings=\"{&quot;animation&quot;:&quot;fadeInUp&quot;}\">\n\t\t\t\t\t\t<div class=\"elementor-container elementor-column-gap-default\">\n\t\t\t\t\t<div class=\"elementor-column elementor-col-25 elementor-inner-column elementor-element elementor-element-41d409d\" data-id=\"41d409d\" data-element_type=\"column\">\n\t\t\t<div class=\"elementor-widget-wrap elementor-element-populated\">\n\t\t\t\t\t\t<div class=\"elementor-element elementor-element-c898bfe elementor-widget elementor-widget-eael-interactive-promo\" data-id=\"c898bfe\" data-element_type=\"widget\" data-widget_type=\"eael-interactive-promo.default\">\n\t\t\t\t<div class=\"elementor-widget-container\">\n\t\t\t\t\t\t\t<div id=\"eael-promo-c898bfe\" class=\"eael-interactive-promo\">\n\t\t\t<figure class=\"effect-sadie\">\n\t\t\t\t<img decoding=\"async\" alt=\"\" src=\"https:\/\/panelteconline.com\/wp-content\/uploads\/2021\/08\/Screen-Shot-2021-06-15-at-22.36.18.png\">\t\t\t\t<figcaption>\n\t\t\t\t\t<div>\n\t\t\t\t\t\t\t\t\t\t\t\t\t<h2>Skyfold<\/h2>\n\t\t\t\t\t\t\n\t\t\t\t\t\t<p><p>Explore &gt;<\/p><\/p>\n\t\t\t\t\t<\/div>\n\t\t\t\t\t                        <a aria-label=\"Skyfold\" href=\"#\"><\/a>\n\t\t\t\t\t\t\t\t\t<\/figcaption>\n\t\t\t<\/figure>\n\t\t<\/div>\n\t\t\t\t\t\t<\/div>\n\t\t\t\t<\/div>\n\t\t\t\t\t<\/div>\n\t\t<\/div>\n\t\t\t\t<div class=\"elementor-column elementor-col-25 elementor-inner-column elementor-element elementor-element-9dfb9c2\" data-id=\"9dfb9c2\" data-element_type=\"column\">\n\t\t\t<div class=\"elementor-widget-wrap elementor-element-populated\">\n\t\t\t\t\t\t<div class=\"elementor-element elementor-element-39ec6cd elementor-widget elementor-widget-eael-interactive-promo\" data-id=\"39ec6cd\" data-element_type=\"widget\" data-widget_type=\"eael-interactive-promo.default\">\n\t\t\t\t<div class=\"elementor-widget-container\">\n\t\t\t\t\t\t\t<div id=\"eael-promo-39ec6cd\" class=\"eael-interactive-promo\">\n\t\t\t<figure class=\"effect-sadie\">\n\t\t\t\t<img decoding=\"async\" alt=\"\" src=\"https:\/\/panelteconline.com\/wp-content\/uploads\/2021\/08\/sn4.jpeg\">\t\t\t\t<figcaption>\n\t\t\t\t\t<div>\n\t\t\t\t\t\t\t\t\t\t\t\t\t<h2>Snowsound \u2013 P\u00e1neles Ac\u00fasticos<\/h2>\n\t\t\t\t\t\t\n\t\t\t\t\t\t<p><p>Explore &gt;<\/p><\/p>\n\t\t\t\t\t<\/div>\n\t\t\t\t\t                        <a aria-label=\"Snowsound \u2013 P\u00e1neles Ac\u00fasticos\" href=\"#\"><\/a>\n\t\t\t\t\t\t\t\t\t<\/figcaption>\n\t\t\t<\/figure>\n\t\t<\/div>\n\t\t\t\t\t\t<\/div>\n\t\t\t\t<\/div>\n\t\t\t\t\t<\/div>\n\t\t<\/div>\n\t\t\t\t<div class=\"elementor-column elementor-col-25 elementor-inner-column elementor-element elementor-element-ac89488\" data-id=\"ac89488\" data-element_type=\"column\">\n\t\t\t<div class=\"elementor-widget-wrap elementor-element-populated\">\n\t\t\t\t\t\t<div class=\"elementor-element elementor-element-938ad99 elementor-widget elementor-widget-eael-interactive-promo\" data-id=\"938ad99\" data-element_type=\"widget\" data-widget_type=\"eael-interactive-promo.default\">\n\t\t\t\t<div class=\"elementor-widget-container\">\n\t\t\t\t\t\t\t<div id=\"eael-promo-938ad99\" class=\"eael-interactive-promo\">\n\t\t\t<figure class=\"effect-sadie\">\n\t\t\t\t<img decoding=\"async\" alt=\"\" src=\"https:\/\/panelteconline.com\/wp-content\/uploads\/2022\/11\/image014.jpg\">\t\t\t\t<figcaption>\n\t\t\t\t\t<div>\n\t\t\t\t\t\t\t\t\t\t\t\t\t<h2>WOVEN<\/h2>\n\t\t\t\t\t\t\n\t\t\t\t\t\t<p><p>Explore &gt;<\/p><\/p>\n\t\t\t\t\t<\/div>\n\t\t\t\t\t                        <a aria-label=\"WOVEN\" href=\"#\"><\/a>\n\t\t\t\t\t\t\t\t\t<\/figcaption>\n\t\t\t<\/figure>\n\t\t<\/div>\n\t\t\t\t\t\t<\/div>\n\t\t\t\t<\/div>\n\t\t\t\t\t<\/div>\n\t\t<\/div>\n\t\t\t\t<div class=\"elementor-column elementor-col-25 elementor-inner-column elementor-element elementor-element-ab002b3\" data-id=\"ab002b3\" data-element_type=\"column\">\n\t\t\t<div class=\"elementor-widget-wrap\">\n\t\t\t\t\t\t\t<\/div>\n\t\t<\/div>\n\t\t\t\t\t<\/div>\n\t\t<\/section>\n\t\t\t\t\t<\/div>\n\t\t<\/div>\n\t\t\t\t\t<\/div>\n\t\t<\/section>\n\t\t\t\t<\/div>","protected":false},"excerpt":{"rendered":"<p>Cerramientos &amp; Paneles Cerramientos &amp; Paneles Contamos con diferentes opciones de ventaner\u00eda interna y divisi\u00f3n de espacios de trabajo. F3 Explor\u00e1 &gt; Quantum Explor\u00e1 &gt; Modernfold Explor\u00e1 &gt; Skyfold Explor\u00e1 &gt; Snowsound \u2013 P\u00e1neles Ac\u00fasticos Explor\u00e1 &gt; WOVEN Explor\u00e1 &gt;<\/p>","protected":false},"author":2,"featured_media":0,"parent":0,"menu_order":0,"comment_status":"closed","ping_status":"closed","template":"","meta":{"site-sidebar-layout":"no-sidebar","site-content-layout":"page-builder","ast-site-content-layout":"default","site-content-style":"default","site-sidebar-style":"default","ast-global-header-display":"","ast-banner-title-visibility":"","ast-main-header-display":"","ast-hfb-above-header-display":"","ast-hfb-below-header-display":"","ast-hfb-mobile-header-display":"","site-post-title":"disabled","ast-breadcrumbs-content":"","ast-featured-img":"disabled","footer-sml-layout":"","theme-transparent-header-meta":"default","adv-header-id-meta":"","stick-header-meta":"default","header-above-stick-meta":"","header-main-stick-meta":"","header-below-stick-meta":"","astra-migrate-meta-layouts":"default","ast-page-background-enabled":"default","ast-page-background-meta":{"desktop":{"background-color":"var(--ast-global-color-4)","background-image":"","background-repeat":"repeat","background-position":"center center","background-size":"auto","background-attachment":"scroll","background-type":"","background-media":"","overlay-type":"","overlay-color":"","overlay-opacity":"","overlay-gradient":""},"tablet":{"background-color":"","background-image":"","background-repeat":"repeat","background-position":"center center","background-size":"auto","background-attachment":"scroll","background-type":"","background-media":"","overlay-type":"","overlay-color":"","overlay-opacity":"","overlay-gradient":""},"mobile":{"background-color":"","background-image":"","background-repeat":"repeat","background-position":"center center","background-size":"auto","background-attachment":"scroll","background-type":"","background-media":"","overlay-type":"","overlay-color":"","overlay-opacity":"","overlay-gradient":""}},"ast-content-background-meta":{"desktop":{"background-color":"var(--ast-global-color-5)","background-image":"","background-repeat":"repeat","background-position":"center center","background-size":"auto","background-attachment":"scroll","background-type":"","background-media":"","overlay-type":"","overlay-color":"","overlay-opacity":"","overlay-gradient":""},"tablet":{"background-color":"var(--ast-global-color-5)","background-image":"","background-repeat":"repeat","background-position":"center center","background-size":"auto","background-attachment":"scroll","background-type":"","background-media":"","overlay-type":"","overlay-color":"","overlay-opacity":"","overlay-gradient":""},"mobile":{"background-color":"var(--ast-global-color-5)","background-image":"","background-repeat":"repeat","background-position":"center center","background-size":"auto","background-attachment":"scroll","background-type":"","background-media":"","overlay-type":"","overlay-color":"","overlay-opacity":"","overlay-gradient":""}},"footnotes":""},"class_list":["post-365","page","type-page","status-publish","hentry"],"yoast_head":"<!-- This site is optimized with the Yoast SEO plugin v25.9 - https:\/\/yoast.com\/wordpress\/plugins\/seo\/ -->\n<title>Cerramientos &amp; Paneler\u00eda - Paneltec<\/title>\n<meta name=\"robots\" content=\"index, follow, max-snippet:-1, max-image-preview:large, max-video-preview:-1\" \/>\n<link rel=\"canonical\" href=\"https:\/\/panelteconline.com\/en\/cerramientos-paneleria\/\" \/>\n<meta property=\"og:locale\" content=\"en_US\" \/>\n<meta property=\"og:type\" content=\"article\" \/>\n<meta property=\"og:title\" content=\"Cerramientos &amp; Paneler\u00eda - Paneltec\" \/>\n<meta property=\"og:description\" content=\"Cerramientos &amp; Paneles Cerramientos &amp; Paneles Contamos con diferentes opciones de ventaner\u00eda interna y divisi\u00f3n de espacios de trabajo. F3 Explor\u00e1 &gt; Quantum Explor\u00e1 &gt; Modernfold Explor\u00e1 &gt; Skyfold Explor\u00e1 &gt; Snowsound \u2013 P\u00e1neles Ac\u00fasticos Explor\u00e1 &gt; WOVEN Explor\u00e1 &gt;\" \/>\n<meta property=\"og:url\" content=\"https:\/\/panelteconline.com\/en\/cerramientos-paneleria\/\" \/>\n<meta property=\"og:site_name\" content=\"Paneltec\" \/>\n<meta property=\"article:modified_time\" content=\"2022-11-15T15:33:10+00:00\" \/>\n<meta property=\"og:image\" content=\"https:\/\/panelteconline.com\/wp-content\/uploads\/2021\/08\/3-2.png\" \/>\n<meta name=\"twitter:card\" content=\"summary_large_image\" \/>\n<meta name=\"twitter:label1\" content=\"Est. reading time\" \/>\n\t<meta name=\"twitter:data1\" content=\"2 minutes\" \/>\n<script type=\"application\/ld+json\" class=\"yoast-schema-graph\">{\"@context\":\"https:\/\/schema.org\",\"@graph\":[{\"@type\":\"WebPage\",\"@id\":\"https:\/\/panelteconline.com\/cerramientos-paneleria\/\",\"url\":\"https:\/\/panelteconline.com\/cerramientos-paneleria\/\",\"name\":\"Cerramientos & Paneler\u00eda - Paneltec\",\"isPartOf\":{\"@id\":\"https:\/\/panelteconline.com\/#website\"},\"primaryImageOfPage\":{\"@id\":\"https:\/\/panelteconline.com\/cerramientos-paneleria\/#primaryimage\"},\"image\":{\"@id\":\"https:\/\/panelteconline.com\/cerramientos-paneleria\/#primaryimage\"},\"thumbnailUrl\":\"https:\/\/panelteconline.com\/wp-content\/uploads\/2021\/08\/3-2.png\",\"datePublished\":\"2021-08-12T20:31:43+00:00\",\"dateModified\":\"2022-11-15T15:33:10+00:00\",\"breadcrumb\":{\"@id\":\"https:\/\/panelteconline.com\/cerramientos-paneleria\/#breadcrumb\"},\"inLanguage\":\"en-US\",\"potentialAction\":[{\"@type\":\"ReadAction\",\"target\":[\"https:\/\/panelteconline.com\/cerramientos-paneleria\/\"]}]},{\"@type\":\"ImageObject\",\"inLanguage\":\"en-US\",\"@id\":\"https:\/\/panelteconline.com\/cerramientos-paneleria\/#primaryimage\",\"url\":\"https:\/\/panelteconline.com\/wp-content\/uploads\/2021\/08\/3-2.png\",\"contentUrl\":\"https:\/\/panelteconline.com\/wp-content\/uploads\/2021\/08\/3-2.png\"},{\"@type\":\"BreadcrumbList\",\"@id\":\"https:\/\/panelteconline.com\/cerramientos-paneleria\/#breadcrumb\",\"itemListElement\":[{\"@type\":\"ListItem\",\"position\":1,\"name\":\"Portada\",\"item\":\"https:\/\/panelteconline.com\/\"},{\"@type\":\"ListItem\",\"position\":2,\"name\":\"Cerramientos &#038; Paneler\u00eda\"}]},{\"@type\":\"WebSite\",\"@id\":\"https:\/\/panelteconline.com\/#website\",\"url\":\"https:\/\/panelteconline.com\/\",\"name\":\"Paneltec\",\"description\":\"\",\"publisher\":{\"@id\":\"https:\/\/panelteconline.com\/#organization\"},\"potentialAction\":[{\"@type\":\"SearchAction\",\"target\":{\"@type\":\"EntryPoint\",\"urlTemplate\":\"https:\/\/panelteconline.com\/?s={search_term_string}\"},\"query-input\":{\"@type\":\"PropertyValueSpecification\",\"valueRequired\":true,\"valueName\":\"search_term_string\"}}],\"inLanguage\":\"en-US\"},{\"@type\":\"Organization\",\"@id\":\"https:\/\/panelteconline.com\/#organization\",\"name\":\"Paneltec\",\"url\":\"https:\/\/panelteconline.com\/\",\"logo\":{\"@type\":\"ImageObject\",\"inLanguage\":\"en-US\",\"@id\":\"https:\/\/panelteconline.com\/#\/schema\/logo\/image\/\",\"url\":\"https:\/\/panelteconline.com\/wp-content\/uploads\/2021\/08\/logo-Paneltec-nuevo.png\",\"contentUrl\":\"https:\/\/panelteconline.com\/wp-content\/uploads\/2021\/08\/logo-Paneltec-nuevo.png\",\"width\":5272,\"height\":992,\"caption\":\"Paneltec\"},\"image\":{\"@id\":\"https:\/\/panelteconline.com\/#\/schema\/logo\/image\/\"}}]}<\/script>\n<!-- \/ Yoast SEO plugin. -->","yoast_head_json":{"title":"Cerramientos & Paneler\u00eda - Paneltec","robots":{"index":"index","follow":"follow","max-snippet":"max-snippet:-1","max-image-preview":"max-image-preview:large","max-video-preview":"max-video-preview:-1"},"canonical":"https:\/\/panelteconline.com\/en\/cerramientos-paneleria\/","og_locale":"en_US","og_type":"article","og_title":"Cerramientos & Paneler\u00eda - Paneltec","og_description":"Cerramientos &amp; Paneles Cerramientos &amp; Paneles Contamos con diferentes opciones de ventaner\u00eda interna y divisi\u00f3n de espacios de trabajo. F3 Explor\u00e1 &gt; Quantum Explor\u00e1 &gt; Modernfold Explor\u00e1 &gt; Skyfold Explor\u00e1 &gt; Snowsound \u2013 P\u00e1neles Ac\u00fasticos Explor\u00e1 &gt; WOVEN Explor\u00e1 &gt;","og_url":"https:\/\/panelteconline.com\/en\/cerramientos-paneleria\/","og_site_name":"Paneltec","article_modified_time":"2022-11-15T15:33:10+00:00","og_image":[{"url":"https:\/\/panelteconline.com\/wp-content\/uploads\/2021\/08\/3-2.png","type":"","width":"","height":""}],"twitter_card":"summary_large_image","twitter_misc":{"Est. reading time":"2 minutes"},"schema":{"@context":"https:\/\/schema.org","@graph":[{"@type":"WebPage","@id":"https:\/\/panelteconline.com\/cerramientos-paneleria\/","url":"https:\/\/panelteconline.com\/cerramientos-paneleria\/","name":"Cerramientos & Paneler\u00eda - Paneltec","isPartOf":{"@id":"https:\/\/panelteconline.com\/#website"},"primaryImageOfPage":{"@id":"https:\/\/panelteconline.com\/cerramientos-paneleria\/#primaryimage"},"image":{"@id":"https:\/\/panelteconline.com\/cerramientos-paneleria\/#primaryimage"},"thumbnailUrl":"https:\/\/panelteconline.com\/wp-content\/uploads\/2021\/08\/3-2.png","datePublished":"2021-08-12T20:31:43+00:00","dateModified":"2022-11-15T15:33:10+00:00","breadcrumb":{"@id":"https:\/\/panelteconline.com\/cerramientos-paneleria\/#breadcrumb"},"inLanguage":"en-US","potentialAction":[{"@type":"ReadAction","target":["https:\/\/panelteconline.com\/cerramientos-paneleria\/"]}]},{"@type":"ImageObject","inLanguage":"en-US","@id":"https:\/\/panelteconline.com\/cerramientos-paneleria\/#primaryimage","url":"https:\/\/panelteconline.com\/wp-content\/uploads\/2021\/08\/3-2.png","contentUrl":"https:\/\/panelteconline.com\/wp-content\/uploads\/2021\/08\/3-2.png"},{"@type":"BreadcrumbList","@id":"https:\/\/panelteconline.com\/cerramientos-paneleria\/#breadcrumb","itemListElement":[{"@type":"ListItem","position":1,"name":"Portada","item":"https:\/\/panelteconline.com\/"},{"@type":"ListItem","position":2,"name":"Cerramientos &#038; Paneler\u00eda"}]},{"@type":"WebSite","@id":"https:\/\/panelteconline.com\/#website","url":"https:\/\/panelteconline.com\/","name":"Paneltec","description":"","publisher":{"@id":"https:\/\/panelteconline.com\/#organization"},"potentialAction":[{"@type":"SearchAction","target":{"@type":"EntryPoint","urlTemplate":"https:\/\/panelteconline.com\/?s={search_term_string}"},"query-input":{"@type":"PropertyValueSpecification","valueRequired":true,"valueName":"search_term_string"}}],"inLanguage":"en-US"},{"@type":"Organization","@id":"https:\/\/panelteconline.com\/#organization","name":"Paneltec","url":"https:\/\/panelteconline.com\/","logo":{"@type":"ImageObject","inLanguage":"en-US","@id":"https:\/\/panelteconline.com\/#\/schema\/logo\/image\/","url":"https:\/\/panelteconline.com\/wp-content\/uploads\/2021\/08\/logo-Paneltec-nuevo.png","contentUrl":"https:\/\/panelteconline.com\/wp-content\/uploads\/2021\/08\/logo-Paneltec-nuevo.png","width":5272,"height":992,"caption":"Paneltec"},"image":{"@id":"https:\/\/panelteconline.com\/#\/schema\/logo\/image\/"}}]}},"_links":{"self":[{"href":"https:\/\/panelteconline.com\/en\/wp-json\/wp\/v2\/pages\/365","targetHints":{"allow":["GET"]}}],"collection":[{"href":"https:\/\/panelteconline.com\/en\/wp-json\/wp\/v2\/pages"}],"about":[{"href":"https:\/\/panelteconline.com\/en\/wp-json\/wp\/v2\/types\/page"}],"author":[{"embeddable":true,"href":"https:\/\/panelteconline.com\/en\/wp-json\/wp\/v2\/users\/2"}],"replies":[{"embeddable":true,"href":"https:\/\/panelteconline.com\/en\/wp-json\/wp\/v2\/comments?post=365"}],"version-history":[{"count":106,"href":"https:\/\/panelteconline.com\/en\/wp-json\/wp\/v2\/pages\/365\/revisions"}],"predecessor-version":[{"id":2663,"href":"https:\/\/panelteconline.com\/en\/wp-json\/wp\/v2\/pages\/365\/revisions\/2663"}],"wp:attachment":[{"href":"https:\/\/panelteconline.com\/en\/wp-json\/wp\/v2\/media?parent=365"}],"curies":[{"name":"wp","href":"https:\/\/api.w.org\/{rel}","templated":true}]}}