{"id":358,"date":"2021-08-12T19:06:33","date_gmt":"2021-08-12T19:06:33","guid":{"rendered":"https:\/\/panelteconline.com\/?page_id=358"},"modified":"2021-08-19T20:06:56","modified_gmt":"2021-08-19T20:06:56","slug":"mobiliario","status":"publish","type":"page","link":"https:\/\/panelteconline.com\/en\/mobiliario\/","title":{"rendered":"Furniture"},"content":{"rendered":"<div data-elementor-type=\"wp-page\" data-elementor-id=\"358\" class=\"elementor elementor-358\" data-elementor-post-type=\"page\">\n\t\t\t\t\t\t<section data-particle_enable=\"false\" data-particle-mobile-disabled=\"false\" class=\"elementor-section elementor-top-section elementor-element elementor-element-ea47e36 elementor-section-height-min-height elementor-section-boxed elementor-section-height-default elementor-section-items-middle\" data-id=\"ea47e36\" data-element_type=\"section\" data-settings=\"{&quot;background_background&quot;:&quot;classic&quot;}\">\n\t\t\t\t\t\t<div class=\"elementor-container elementor-column-gap-default\">\n\t\t\t\t\t<div class=\"elementor-column elementor-col-100 elementor-top-column elementor-element elementor-element-3299436\" data-id=\"3299436\" data-element_type=\"column\">\n\t\t\t<div class=\"elementor-widget-wrap elementor-element-populated\">\n\t\t\t\t\t\t<div class=\"elementor-element elementor-element-08f25b9 animated-slow elementor-invisible elementor-widget elementor-widget-heading\" data-id=\"08f25b9\" data-element_type=\"widget\" data-settings=\"{&quot;_animation&quot;:&quot;fadeInUp&quot;}\" data-widget_type=\"heading.default\">\n\t\t\t\t<div class=\"elementor-widget-container\">\n\t\t\t\t\t<h2 class=\"elementor-heading-title elementor-size-default\">Furniture<\/h2>\t\t\t\t<\/div>\n\t\t\t\t<\/div>\n\t\t\t\t\t<\/div>\n\t\t<\/div>\n\t\t\t\t\t<\/div>\n\t\t<\/section>\n\t\t\t\t<section data-particle_enable=\"false\" data-particle-mobile-disabled=\"false\" class=\"elementor-section elementor-top-section elementor-element elementor-element-0f5d3d6 elementor-section-boxed elementor-section-height-default elementor-section-height-default\" data-id=\"0f5d3d6\" data-element_type=\"section\">\n\t\t\t\t\t\t<div class=\"elementor-container elementor-column-gap-default\">\n\t\t\t\t\t<div class=\"elementor-column elementor-col-100 elementor-top-column elementor-element elementor-element-c325a11\" data-id=\"c325a11\" data-element_type=\"column\">\n\t\t\t<div class=\"elementor-widget-wrap elementor-element-populated\">\n\t\t\t\t\t\t<section data-particle_enable=\"false\" data-particle-mobile-disabled=\"false\" class=\"elementor-section elementor-inner-section elementor-element elementor-element-6d3826d elementor-section-full_width elementor-section-height-default elementor-section-height-default elementor-invisible\" data-id=\"6d3826d\" data-element_type=\"section\" data-settings=\"{&quot;animation&quot;:&quot;fadeInUp&quot;}\">\n\t\t\t\t\t\t<div class=\"elementor-container elementor-column-gap-default\">\n\t\t\t\t\t<div class=\"elementor-column elementor-col-25 elementor-inner-column elementor-element elementor-element-f23b2ae\" data-id=\"f23b2ae\" data-element_type=\"column\" data-settings=\"{&quot;background_background&quot;:&quot;classic&quot;}\">\n\t\t\t<div class=\"elementor-widget-wrap elementor-element-populated\">\n\t\t\t\t\t\t<div class=\"elementor-element elementor-element-452841b elementor-widget elementor-widget-heading\" data-id=\"452841b\" data-element_type=\"widget\" data-widget_type=\"heading.default\">\n\t\t\t\t<div class=\"elementor-widget-container\">\n\t\t\t\t\t<h2 class=\"elementor-heading-title elementor-size-default\">Furniture<\/h2>\t\t\t\t<\/div>\n\t\t\t\t<\/div>\n\t\t\t\t<div class=\"elementor-element elementor-element-cf2c68f elementor-widget elementor-widget-text-editor\" data-id=\"cf2c68f\" data-element_type=\"widget\" data-widget_type=\"text-editor.default\">\n\t\t\t\t<div class=\"elementor-widget-container\">\n\t\t\t\t\t\t\t\t\t<p>We have different furniture options, both nationally manufactured and from our imported brands.<\/p>\t\t\t\t\t\t\t\t<\/div>\n\t\t\t\t<\/div>\n\t\t\t\t\t<\/div>\n\t\t<\/div>\n\t\t\t\t<div class=\"elementor-column elementor-col-25 elementor-inner-column elementor-element elementor-element-8412a61\" data-id=\"8412a61\" data-element_type=\"column\">\n\t\t\t<div class=\"elementor-widget-wrap elementor-element-populated\">\n\t\t\t\t\t\t<div class=\"elementor-element elementor-element-e8aef94 elementor-widget elementor-widget-eael-interactive-promo\" data-id=\"e8aef94\" data-element_type=\"widget\" data-widget_type=\"eael-interactive-promo.default\">\n\t\t\t\t<div class=\"elementor-widget-container\">\n\t\t\t\t\t\t\t<div id=\"eael-promo-e8aef94\" class=\"eael-interactive-promo\">\n\t\t\t<figure class=\"effect-sadie\">\n\t\t\t\t<img decoding=\"async\" alt=\"\" src=\"https:\/\/panelteconline.com\/wp-content\/uploads\/2021\/08\/Screen-Shot-2021-06-09-at-23.08.49.png\">\t\t\t\t<figcaption>\n\t\t\t\t\t<div>\n\t\t\t\t\t\t\t\t\t\t\t\t\t<h2>Work stations<\/h2>\n\t\t\t\t\t\t\n\t\t\t\t\t\t<p><p>Explore &gt;<\/p><\/p>\n\t\t\t\t\t<\/div>\n\t\t\t\t\t                        <a aria-label=\"Work stations\" href=\"#\"><\/a>\n\t\t\t\t\t\t\t\t\t<\/figcaption>\n\t\t\t<\/figure>\n\t\t<\/div>\n\t\t\t\t\t\t<\/div>\n\t\t\t\t<\/div>\n\t\t\t\t\t<\/div>\n\t\t<\/div>\n\t\t\t\t<div class=\"elementor-column elementor-col-25 elementor-inner-column elementor-element elementor-element-bb6821a\" data-id=\"bb6821a\" data-element_type=\"column\">\n\t\t\t<div class=\"elementor-widget-wrap elementor-element-populated\">\n\t\t\t\t\t\t<div class=\"elementor-element elementor-element-3c30a6d elementor-widget elementor-widget-eael-interactive-promo\" data-id=\"3c30a6d\" data-element_type=\"widget\" data-widget_type=\"eael-interactive-promo.default\">\n\t\t\t\t<div class=\"elementor-widget-container\">\n\t\t\t\t\t\t\t<div id=\"eael-promo-3c30a6d\" class=\"eael-interactive-promo\">\n\t\t\t<figure class=\"effect-sadie\">\n\t\t\t\t<img decoding=\"async\" alt=\"\" src=\"https:\/\/panelteconline.com\/wp-content\/uploads\/2021\/08\/image0-1170x878-1.jpeg\">\t\t\t\t<figcaption>\n\t\t\t\t\t<div>\n\t\t\t\t\t\t\t\t\t\t\t\t\t<h2>Meeting tables<\/h2>\n\t\t\t\t\t\t\n\t\t\t\t\t\t<p><p>Explore &gt;<\/p><\/p>\n\t\t\t\t\t<\/div>\n\t\t\t\t\t                        <a aria-label=\"Meeting tables\" href=\"#\"><\/a>\n\t\t\t\t\t\t\t\t\t<\/figcaption>\n\t\t\t<\/figure>\n\t\t<\/div>\n\t\t\t\t\t\t<\/div>\n\t\t\t\t<\/div>\n\t\t\t\t\t<\/div>\n\t\t<\/div>\n\t\t\t\t<div class=\"elementor-column elementor-col-25 elementor-inner-column elementor-element elementor-element-5342bba\" data-id=\"5342bba\" data-element_type=\"column\">\n\t\t\t<div class=\"elementor-widget-wrap elementor-element-populated\">\n\t\t\t\t\t\t<div class=\"elementor-element elementor-element-bba1e3a elementor-widget elementor-widget-eael-interactive-promo\" data-id=\"bba1e3a\" data-element_type=\"widget\" data-widget_type=\"eael-interactive-promo.default\">\n\t\t\t\t<div class=\"elementor-widget-container\">\n\t\t\t\t\t\t\t<div id=\"eael-promo-bba1e3a\" class=\"eael-interactive-promo\">\n\t\t\t<figure class=\"effect-sadie\">\n\t\t\t\t<img decoding=\"async\" alt=\"\" src=\"https:\/\/panelteconline.com\/wp-content\/uploads\/2021\/08\/cat-sillas-e1629310706913.jpeg\">\t\t\t\t<figcaption>\n\t\t\t\t\t<div>\n\t\t\t\t\t\t\t\t\t\t\t\t\t<h2>Chairs<\/h2>\n\t\t\t\t\t\t\n\t\t\t\t\t\t<p><p>Explore &gt;<\/p><\/p>\n\t\t\t\t\t<\/div>\n\t\t\t\t\t                        <a aria-label=\"Chairs\" href=\"#\"><\/a>\n\t\t\t\t\t\t\t\t\t<\/figcaption>\n\t\t\t<\/figure>\n\t\t<\/div>\n\t\t\t\t\t\t<\/div>\n\t\t\t\t<\/div>\n\t\t\t\t\t<\/div>\n\t\t<\/div>\n\t\t\t\t\t<\/div>\n\t\t<\/section>\n\t\t\t\t<section data-particle_enable=\"false\" data-particle-mobile-disabled=\"false\" class=\"elementor-section elementor-inner-section elementor-element elementor-element-b663f25 elementor-section-full_width elementor-section-height-default elementor-section-height-default elementor-invisible\" data-id=\"b663f25\" data-element_type=\"section\" data-settings=\"{&quot;animation&quot;:&quot;fadeInUp&quot;}\">\n\t\t\t\t\t\t<div class=\"elementor-container elementor-column-gap-default\">\n\t\t\t\t\t<div class=\"elementor-column elementor-col-25 elementor-inner-column elementor-element elementor-element-2796591\" data-id=\"2796591\" data-element_type=\"column\">\n\t\t\t<div class=\"elementor-widget-wrap elementor-element-populated\">\n\t\t\t\t\t\t<div class=\"elementor-element elementor-element-20b6a44 elementor-widget elementor-widget-eael-interactive-promo\" data-id=\"20b6a44\" data-element_type=\"widget\" data-widget_type=\"eael-interactive-promo.default\">\n\t\t\t\t<div class=\"elementor-widget-container\">\n\t\t\t\t\t\t\t<div id=\"eael-promo-20b6a44\" class=\"eael-interactive-promo\">\n\t\t\t<figure class=\"effect-sadie\">\n\t\t\t\t<img decoding=\"async\" alt=\"\" src=\"https:\/\/panelteconline.com\/wp-content\/uploads\/2021\/08\/SCD.jpg\">\t\t\t\t<figcaption>\n\t\t\t\t\t<div>\n\t\t\t\t\t\t\t\t\t\t\t\t\t<h2>Soft seating<\/h2>\n\t\t\t\t\t\t\n\t\t\t\t\t\t<p><p>Explore &gt;<\/p><\/p>\n\t\t\t\t\t<\/div>\n\t\t\t\t\t                        <a aria-label=\"Soft seating\" href=\"#\"><\/a>\n\t\t\t\t\t\t\t\t\t<\/figcaption>\n\t\t\t<\/figure>\n\t\t<\/div>\n\t\t\t\t\t\t<\/div>\n\t\t\t\t<\/div>\n\t\t\t\t\t<\/div>\n\t\t<\/div>\n\t\t\t\t<div class=\"elementor-column elementor-col-25 elementor-inner-column elementor-element elementor-element-920dc72\" data-id=\"920dc72\" data-element_type=\"column\">\n\t\t\t<div class=\"elementor-widget-wrap elementor-element-populated\">\n\t\t\t\t\t\t<div class=\"elementor-element elementor-element-de73aaf elementor-widget elementor-widget-eael-interactive-promo\" data-id=\"de73aaf\" data-element_type=\"widget\" data-widget_type=\"eael-interactive-promo.default\">\n\t\t\t\t<div class=\"elementor-widget-container\">\n\t\t\t\t\t\t\t<div id=\"eael-promo-de73aaf\" class=\"eael-interactive-promo\">\n\t\t\t<figure class=\"effect-sadie\">\n\t\t\t\t<img decoding=\"async\" alt=\"\" src=\"https:\/\/panelteconline.com\/wp-content\/uploads\/2021\/08\/eun-group.png\">\t\t\t\t<figcaption>\n\t\t\t\t\t<div>\n\t\t\t\t\t\t\t\t\t\t\t\t\t<h2>Storage<\/h2>\n\t\t\t\t\t\t\n\t\t\t\t\t\t<p><p>Explore &gt;<\/p><\/p>\n\t\t\t\t\t<\/div>\n\t\t\t\t\t                        <a aria-label=\"Storage\" href=\"#\"><\/a>\n\t\t\t\t\t\t\t\t\t<\/figcaption>\n\t\t\t<\/figure>\n\t\t<\/div>\n\t\t\t\t\t\t<\/div>\n\t\t\t\t<\/div>\n\t\t\t\t\t<\/div>\n\t\t<\/div>\n\t\t\t\t<div class=\"elementor-column elementor-col-25 elementor-inner-column elementor-element elementor-element-75ddece\" data-id=\"75ddece\" data-element_type=\"column\">\n\t\t\t<div class=\"elementor-widget-wrap elementor-element-populated\">\n\t\t\t\t\t\t<div class=\"elementor-element elementor-element-8cd24db elementor-widget elementor-widget-eael-interactive-promo\" data-id=\"8cd24db\" data-element_type=\"widget\" data-widget_type=\"eael-interactive-promo.default\">\n\t\t\t\t<div class=\"elementor-widget-container\">\n\t\t\t\t\t\t\t<div id=\"eael-promo-8cd24db\" class=\"eael-interactive-promo\">\n\t\t\t<figure class=\"effect-sadie\">\n\t\t\t\t<img decoding=\"async\" alt=\"\" src=\"https:\/\/panelteconline.com\/wp-content\/uploads\/2021\/08\/Screen-Shot-2021-05-31-at-20.22.37.png\">\t\t\t\t<figcaption>\n\t\t\t\t\t<div>\n\t\t\t\t\t\t\t\t\t\t\t\t\t<h2>Receptions<\/h2>\n\t\t\t\t\t\t\n\t\t\t\t\t\t<p><p>Explore &gt;<\/p><\/p>\n\t\t\t\t\t<\/div>\n\t\t\t\t\t                        <a aria-label=\"Receptions\" href=\"#\"><\/a>\n\t\t\t\t\t\t\t\t\t<\/figcaption>\n\t\t\t<\/figure>\n\t\t<\/div>\n\t\t\t\t\t\t<\/div>\n\t\t\t\t<\/div>\n\t\t\t\t\t<\/div>\n\t\t<\/div>\n\t\t\t\t<div class=\"elementor-column elementor-col-25 elementor-inner-column elementor-element elementor-element-583bd54\" data-id=\"583bd54\" data-element_type=\"column\">\n\t\t\t<div class=\"elementor-widget-wrap elementor-element-populated\">\n\t\t\t\t\t\t<div class=\"elementor-element elementor-element-30f14bc elementor-widget elementor-widget-eael-interactive-promo\" data-id=\"30f14bc\" data-element_type=\"widget\" data-widget_type=\"eael-interactive-promo.default\">\n\t\t\t\t<div class=\"elementor-widget-container\">\n\t\t\t\t\t\t\t<div id=\"eael-promo-30f14bc\" class=\"eael-interactive-promo\">\n\t\t\t<figure class=\"effect-sadie\">\n\t\t\t\t<img decoding=\"async\" alt=\"\" src=\"https:\/\/panelteconline.com\/wp-content\/uploads\/2021\/08\/by6.jpeg\">\t\t\t\t<figcaption>\n\t\t\t\t\t<div>\n\t\t\t\t\t\t\t\t\t\t\t\t\t<h2>Accesories<\/h2>\n\t\t\t\t\t\t\n\t\t\t\t\t\t<p><p>Explore &gt;<\/p><\/p>\n\t\t\t\t\t<\/div>\n\t\t\t\t\t                        <a aria-label=\"Accesories\" href=\"#\"><\/a>\n\t\t\t\t\t\t\t\t\t<\/figcaption>\n\t\t\t<\/figure>\n\t\t<\/div>\n\t\t\t\t\t\t<\/div>\n\t\t\t\t<\/div>\n\t\t\t\t\t<\/div>\n\t\t<\/div>\n\t\t\t\t\t<\/div>\n\t\t<\/section>\n\t\t\t\t\t<\/div>\n\t\t<\/div>\n\t\t\t\t\t<\/div>\n\t\t<\/section>\n\t\t\t\t<\/div>","protected":false},"excerpt":{"rendered":"<p>Mobiliario Mobiliario Contamos con m\u00faltiples opciones de mobiliario y acabados. Estaciones de trabajo Explor\u00e1 &gt; Mesas de reuniones Explor\u00e1 &gt; Sillas Explor\u00e1 &gt; Soft seating Explor\u00e1 &gt; Almacenamiento Explor\u00e1 &gt; Recepciones Explor\u00e1 &gt; Accesorios Explor\u00e1 &gt;<\/p>","protected":false},"author":2,"featured_media":0,"parent":0,"menu_order":0,"comment_status":"closed","ping_status":"closed","template":"","meta":{"site-sidebar-layout":"no-sidebar","site-content-layout":"page-builder","ast-site-content-layout":"default","site-content-style":"default","site-sidebar-style":"default","ast-global-header-display":"","ast-banner-title-visibility":"","ast-main-header-display":"","ast-hfb-above-header-display":"","ast-hfb-below-header-display":"","ast-hfb-mobile-header-display":"","site-post-title":"disabled","ast-breadcrumbs-content":"","ast-featured-img":"disabled","footer-sml-layout":"","theme-transparent-header-meta":"default","adv-header-id-meta":"","stick-header-meta":"default","header-above-stick-meta":"","header-main-stick-meta":"","header-below-stick-meta":"","astra-migrate-meta-layouts":"default","ast-page-background-enabled":"default","ast-page-background-meta":{"desktop":{"background-color":"var(--ast-global-color-4)","background-image":"","background-repeat":"repeat","background-position":"center center","background-size":"auto","background-attachment":"scroll","background-type":"","background-media":"","overlay-type":"","overlay-color":"","overlay-opacity":"","overlay-gradient":""},"tablet":{"background-color":"","background-image":"","background-repeat":"repeat","background-position":"center center","background-size":"auto","background-attachment":"scroll","background-type":"","background-media":"","overlay-type":"","overlay-color":"","overlay-opacity":"","overlay-gradient":""},"mobile":{"background-color":"","background-image":"","background-repeat":"repeat","background-position":"center center","background-size":"auto","background-attachment":"scroll","background-type":"","background-media":"","overlay-type":"","overlay-color":"","overlay-opacity":"","overlay-gradient":""}},"ast-content-background-meta":{"desktop":{"background-color":"var(--ast-global-color-5)","background-image":"","background-repeat":"repeat","background-position":"center center","background-size":"auto","background-attachment":"scroll","background-type":"","background-media":"","overlay-type":"","overlay-color":"","overlay-opacity":"","overlay-gradient":""},"tablet":{"background-color":"var(--ast-global-color-5)","background-image":"","background-repeat":"repeat","background-position":"center center","background-size":"auto","background-attachment":"scroll","background-type":"","background-media":"","overlay-type":"","overlay-color":"","overlay-opacity":"","overlay-gradient":""},"mobile":{"background-color":"var(--ast-global-color-5)","background-image":"","background-repeat":"repeat","background-position":"center center","background-size":"auto","background-attachment":"scroll","background-type":"","background-media":"","overlay-type":"","overlay-color":"","overlay-opacity":"","overlay-gradient":""}},"footnotes":""},"class_list":["post-358","page","type-page","status-publish","hentry"],"yoast_head":"<!-- This site is optimized with the Yoast SEO plugin v25.9 - https:\/\/yoast.com\/wordpress\/plugins\/seo\/ -->\n<title>Mobiliario - Paneltec<\/title>\n<meta name=\"robots\" content=\"index, follow, max-snippet:-1, max-image-preview:large, max-video-preview:-1\" \/>\n<link rel=\"canonical\" href=\"https:\/\/panelteconline.com\/en\/mobiliario\/\" \/>\n<meta property=\"og:locale\" content=\"en_US\" \/>\n<meta property=\"og:type\" content=\"article\" \/>\n<meta property=\"og:title\" content=\"Mobiliario - Paneltec\" \/>\n<meta property=\"og:description\" content=\"Mobiliario Mobiliario Contamos con m\u00faltiples opciones de mobiliario y acabados. Estaciones de trabajo Explor\u00e1 &gt; Mesas de reuniones Explor\u00e1 &gt; Sillas Explor\u00e1 &gt; Soft seating Explor\u00e1 &gt; Almacenamiento Explor\u00e1 &gt; Recepciones Explor\u00e1 &gt; Accesorios Explor\u00e1 &gt;\" \/>\n<meta property=\"og:url\" content=\"https:\/\/panelteconline.com\/en\/mobiliario\/\" \/>\n<meta property=\"og:site_name\" content=\"Paneltec\" \/>\n<meta property=\"article:modified_time\" content=\"2021-08-19T20:06:56+00:00\" \/>\n<meta property=\"og:image\" content=\"https:\/\/panelteconline.com\/wp-content\/uploads\/2021\/08\/Screen-Shot-2021-06-09-at-23.08.49.png\" \/>\n<meta name=\"twitter:card\" content=\"summary_large_image\" \/>\n<script type=\"application\/ld+json\" class=\"yoast-schema-graph\">{\"@context\":\"https:\/\/schema.org\",\"@graph\":[{\"@type\":\"WebPage\",\"@id\":\"https:\/\/panelteconline.com\/mobiliario\/\",\"url\":\"https:\/\/panelteconline.com\/mobiliario\/\",\"name\":\"Mobiliario - Paneltec\",\"isPartOf\":{\"@id\":\"https:\/\/panelteconline.com\/#website\"},\"primaryImageOfPage\":{\"@id\":\"https:\/\/panelteconline.com\/mobiliario\/#primaryimage\"},\"image\":{\"@id\":\"https:\/\/panelteconline.com\/mobiliario\/#primaryimage\"},\"thumbnailUrl\":\"https:\/\/panelteconline.com\/wp-content\/uploads\/2021\/08\/Screen-Shot-2021-06-09-at-23.08.49.png\",\"datePublished\":\"2021-08-12T19:06:33+00:00\",\"dateModified\":\"2021-08-19T20:06:56+00:00\",\"breadcrumb\":{\"@id\":\"https:\/\/panelteconline.com\/mobiliario\/#breadcrumb\"},\"inLanguage\":\"en-US\",\"potentialAction\":[{\"@type\":\"ReadAction\",\"target\":[\"https:\/\/panelteconline.com\/mobiliario\/\"]}]},{\"@type\":\"ImageObject\",\"inLanguage\":\"en-US\",\"@id\":\"https:\/\/panelteconline.com\/mobiliario\/#primaryimage\",\"url\":\"https:\/\/panelteconline.com\/wp-content\/uploads\/2021\/08\/Screen-Shot-2021-06-09-at-23.08.49.png\",\"contentUrl\":\"https:\/\/panelteconline.com\/wp-content\/uploads\/2021\/08\/Screen-Shot-2021-06-09-at-23.08.49.png\"},{\"@type\":\"BreadcrumbList\",\"@id\":\"https:\/\/panelteconline.com\/mobiliario\/#breadcrumb\",\"itemListElement\":[{\"@type\":\"ListItem\",\"position\":1,\"name\":\"Portada\",\"item\":\"https:\/\/panelteconline.com\/\"},{\"@type\":\"ListItem\",\"position\":2,\"name\":\"Mobiliario\"}]},{\"@type\":\"WebSite\",\"@id\":\"https:\/\/panelteconline.com\/#website\",\"url\":\"https:\/\/panelteconline.com\/\",\"name\":\"Paneltec\",\"description\":\"\",\"publisher\":{\"@id\":\"https:\/\/panelteconline.com\/#organization\"},\"potentialAction\":[{\"@type\":\"SearchAction\",\"target\":{\"@type\":\"EntryPoint\",\"urlTemplate\":\"https:\/\/panelteconline.com\/?s={search_term_string}\"},\"query-input\":{\"@type\":\"PropertyValueSpecification\",\"valueRequired\":true,\"valueName\":\"search_term_string\"}}],\"inLanguage\":\"en-US\"},{\"@type\":\"Organization\",\"@id\":\"https:\/\/panelteconline.com\/#organization\",\"name\":\"Paneltec\",\"url\":\"https:\/\/panelteconline.com\/\",\"logo\":{\"@type\":\"ImageObject\",\"inLanguage\":\"en-US\",\"@id\":\"https:\/\/panelteconline.com\/#\/schema\/logo\/image\/\",\"url\":\"https:\/\/panelteconline.com\/wp-content\/uploads\/2021\/08\/logo-Paneltec-nuevo.png\",\"contentUrl\":\"https:\/\/panelteconline.com\/wp-content\/uploads\/2021\/08\/logo-Paneltec-nuevo.png\",\"width\":5272,\"height\":992,\"caption\":\"Paneltec\"},\"image\":{\"@id\":\"https:\/\/panelteconline.com\/#\/schema\/logo\/image\/\"}}]}<\/script>\n<!-- \/ Yoast SEO plugin. -->","yoast_head_json":{"title":"Mobiliario - Paneltec","robots":{"index":"index","follow":"follow","max-snippet":"max-snippet:-1","max-image-preview":"max-image-preview:large","max-video-preview":"max-video-preview:-1"},"canonical":"https:\/\/panelteconline.com\/en\/mobiliario\/","og_locale":"en_US","og_type":"article","og_title":"Mobiliario - Paneltec","og_description":"Mobiliario Mobiliario Contamos con m\u00faltiples opciones de mobiliario y acabados. Estaciones de trabajo Explor\u00e1 &gt; Mesas de reuniones Explor\u00e1 &gt; Sillas Explor\u00e1 &gt; Soft seating Explor\u00e1 &gt; Almacenamiento Explor\u00e1 &gt; Recepciones Explor\u00e1 &gt; Accesorios Explor\u00e1 &gt;","og_url":"https:\/\/panelteconline.com\/en\/mobiliario\/","og_site_name":"Paneltec","article_modified_time":"2021-08-19T20:06:56+00:00","og_image":[{"url":"https:\/\/panelteconline.com\/wp-content\/uploads\/2021\/08\/Screen-Shot-2021-06-09-at-23.08.49.png","type":"","width":"","height":""}],"twitter_card":"summary_large_image","schema":{"@context":"https:\/\/schema.org","@graph":[{"@type":"WebPage","@id":"https:\/\/panelteconline.com\/mobiliario\/","url":"https:\/\/panelteconline.com\/mobiliario\/","name":"Mobiliario - Paneltec","isPartOf":{"@id":"https:\/\/panelteconline.com\/#website"},"primaryImageOfPage":{"@id":"https:\/\/panelteconline.com\/mobiliario\/#primaryimage"},"image":{"@id":"https:\/\/panelteconline.com\/mobiliario\/#primaryimage"},"thumbnailUrl":"https:\/\/panelteconline.com\/wp-content\/uploads\/2021\/08\/Screen-Shot-2021-06-09-at-23.08.49.png","datePublished":"2021-08-12T19:06:33+00:00","dateModified":"2021-08-19T20:06:56+00:00","breadcrumb":{"@id":"https:\/\/panelteconline.com\/mobiliario\/#breadcrumb"},"inLanguage":"en-US","potentialAction":[{"@type":"ReadAction","target":["https:\/\/panelteconline.com\/mobiliario\/"]}]},{"@type":"ImageObject","inLanguage":"en-US","@id":"https:\/\/panelteconline.com\/mobiliario\/#primaryimage","url":"https:\/\/panelteconline.com\/wp-content\/uploads\/2021\/08\/Screen-Shot-2021-06-09-at-23.08.49.png","contentUrl":"https:\/\/panelteconline.com\/wp-content\/uploads\/2021\/08\/Screen-Shot-2021-06-09-at-23.08.49.png"},{"@type":"BreadcrumbList","@id":"https:\/\/panelteconline.com\/mobiliario\/#breadcrumb","itemListElement":[{"@type":"ListItem","position":1,"name":"Portada","item":"https:\/\/panelteconline.com\/"},{"@type":"ListItem","position":2,"name":"Mobiliario"}]},{"@type":"WebSite","@id":"https:\/\/panelteconline.com\/#website","url":"https:\/\/panelteconline.com\/","name":"Paneltec","description":"","publisher":{"@id":"https:\/\/panelteconline.com\/#organization"},"potentialAction":[{"@type":"SearchAction","target":{"@type":"EntryPoint","urlTemplate":"https:\/\/panelteconline.com\/?s={search_term_string}"},"query-input":{"@type":"PropertyValueSpecification","valueRequired":true,"valueName":"search_term_string"}}],"inLanguage":"en-US"},{"@type":"Organization","@id":"https:\/\/panelteconline.com\/#organization","name":"Paneltec","url":"https:\/\/panelteconline.com\/","logo":{"@type":"ImageObject","inLanguage":"en-US","@id":"https:\/\/panelteconline.com\/#\/schema\/logo\/image\/","url":"https:\/\/panelteconline.com\/wp-content\/uploads\/2021\/08\/logo-Paneltec-nuevo.png","contentUrl":"https:\/\/panelteconline.com\/wp-content\/uploads\/2021\/08\/logo-Paneltec-nuevo.png","width":5272,"height":992,"caption":"Paneltec"},"image":{"@id":"https:\/\/panelteconline.com\/#\/schema\/logo\/image\/"}}]}},"_links":{"self":[{"href":"https:\/\/panelteconline.com\/en\/wp-json\/wp\/v2\/pages\/358","targetHints":{"allow":["GET"]}}],"collection":[{"href":"https:\/\/panelteconline.com\/en\/wp-json\/wp\/v2\/pages"}],"about":[{"href":"https:\/\/panelteconline.com\/en\/wp-json\/wp\/v2\/types\/page"}],"author":[{"embeddable":true,"href":"https:\/\/panelteconline.com\/en\/wp-json\/wp\/v2\/users\/2"}],"replies":[{"embeddable":true,"href":"https:\/\/panelteconline.com\/en\/wp-json\/wp\/v2\/comments?post=358"}],"version-history":[{"count":58,"href":"https:\/\/panelteconline.com\/en\/wp-json\/wp\/v2\/pages\/358\/revisions"}],"predecessor-version":[{"id":1620,"href":"https:\/\/panelteconline.com\/en\/wp-json\/wp\/v2\/pages\/358\/revisions\/1620"}],"wp:attachment":[{"href":"https:\/\/panelteconline.com\/en\/wp-json\/wp\/v2\/media?parent=358"}],"curies":[{"name":"wp","href":"https:\/\/api.w.org\/{rel}","templated":true}]}}