{"id":310,"date":"2021-08-12T18:30:58","date_gmt":"2021-08-12T18:30:58","guid":{"rendered":"https:\/\/panelteconline.com\/?page_id=310"},"modified":"2023-04-05T16:29:44","modified_gmt":"2023-04-05T16:29:44","slug":"productos","status":"publish","type":"page","link":"https:\/\/panelteconline.com\/en\/productos\/","title":{"rendered":"Products"},"content":{"rendered":"<div data-elementor-type=\"wp-page\" data-elementor-id=\"310\" class=\"elementor elementor-310\" data-elementor-post-type=\"page\">\n\t\t\t\t\t\t<section data-particle_enable=\"false\" data-particle-mobile-disabled=\"false\" class=\"elementor-section elementor-top-section elementor-element elementor-element-0f5d3d6 elementor-section-boxed elementor-section-height-default elementor-section-height-default\" data-id=\"0f5d3d6\" data-element_type=\"section\" data-settings=\"{&quot;background_background&quot;:&quot;classic&quot;}\">\n\t\t\t\t\t\t<div class=\"elementor-container elementor-column-gap-default\">\n\t\t\t\t\t<div class=\"elementor-column elementor-col-100 elementor-top-column elementor-element elementor-element-c325a11\" data-id=\"c325a11\" data-element_type=\"column\">\n\t\t\t<div class=\"elementor-widget-wrap elementor-element-populated\">\n\t\t\t\t\t\t<div class=\"elementor-element elementor-element-72ae377 animated-slow elementor-invisible elementor-widget elementor-widget-heading\" data-id=\"72ae377\" data-element_type=\"widget\" data-settings=\"{&quot;_animation&quot;:&quot;fadeInUp&quot;}\" data-widget_type=\"heading.default\">\n\t\t\t\t<div class=\"elementor-widget-container\">\n\t\t\t\t\t<h2 class=\"elementor-heading-title elementor-size-default\">Products<\/h2>\t\t\t\t<\/div>\n\t\t\t\t<\/div>\n\t\t\t\t<section data-particle_enable=\"false\" data-particle-mobile-disabled=\"false\" class=\"elementor-section elementor-inner-section elementor-element elementor-element-a8475c2 elementor-section-full_width elementor-section-height-default elementor-section-height-default elementor-invisible\" data-id=\"a8475c2\" data-element_type=\"section\" data-settings=\"{&quot;animation&quot;:&quot;fadeInUp&quot;}\">\n\t\t\t\t\t\t<div class=\"elementor-container elementor-column-gap-default\">\n\t\t\t\t\t<div class=\"elementor-column elementor-col-25 elementor-inner-column elementor-element elementor-element-f87be55\" data-id=\"f87be55\" data-element_type=\"column\">\n\t\t\t<div class=\"elementor-widget-wrap elementor-element-populated\">\n\t\t\t\t\t\t<div class=\"elementor-element elementor-element-a91efbf elementor-widget elementor-widget-eael-interactive-promo\" data-id=\"a91efbf\" data-element_type=\"widget\" data-widget_type=\"eael-interactive-promo.default\">\n\t\t\t\t<div class=\"elementor-widget-container\">\n\t\t\t\t\t\t\t<div id=\"eael-promo-a91efbf\" class=\"eael-interactive-promo\">\n\t\t\t<figure class=\"effect-sadie\">\n\t\t\t\t<img decoding=\"async\" alt=\"\" src=\"https:\/\/panelteconline.com\/wp-content\/uploads\/2021\/08\/productos1.webp\">\t\t\t\t<figcaption>\n\t\t\t\t\t<div>\n\t\t\t\t\t\t\t\t\t\t\t\t\t<h2>\u200bFlooring<\/h2>\n\t\t\t\t\t\t\n\t\t\t\t\t\t<p><p>Explore &gt;<\/p><\/p>\n\t\t\t\t\t<\/div>\n\t\t\t\t\t                        <a aria-label=\"\u200bFlooring\" href=\"#\"><\/a>\n\t\t\t\t\t\t\t\t\t<\/figcaption>\n\t\t\t<\/figure>\n\t\t<\/div>\n\t\t\t\t\t\t<\/div>\n\t\t\t\t<\/div>\n\t\t\t\t\t<\/div>\n\t\t<\/div>\n\t\t\t\t<div class=\"elementor-column elementor-col-25 elementor-inner-column elementor-element elementor-element-9375078\" data-id=\"9375078\" data-element_type=\"column\">\n\t\t\t<div class=\"elementor-widget-wrap elementor-element-populated\">\n\t\t\t\t\t\t<div class=\"elementor-element elementor-element-90aac35 elementor-widget elementor-widget-eael-interactive-promo\" data-id=\"90aac35\" data-element_type=\"widget\" data-widget_type=\"eael-interactive-promo.default\">\n\t\t\t\t<div class=\"elementor-widget-container\">\n\t\t\t\t\t\t\t<div id=\"eael-promo-90aac35\" class=\"eael-interactive-promo\">\n\t\t\t<figure class=\"effect-sadie\">\n\t\t\t\t<img decoding=\"async\" alt=\"\" src=\"https:\/\/panelteconline.com\/wp-content\/uploads\/2021\/08\/productos2.webp\">\t\t\t\t<figcaption>\n\t\t\t\t\t<div>\n\t\t\t\t\t\t\t\t\t\t\t\t\t<h2>Furniture<\/h2>\n\t\t\t\t\t\t\n\t\t\t\t\t\t<p><p>Explore &gt;<\/p><\/p>\n\t\t\t\t\t<\/div>\n\t\t\t\t\t                        <a aria-label=\"Furniture\" href=\"#\"><\/a>\n\t\t\t\t\t\t\t\t\t<\/figcaption>\n\t\t\t<\/figure>\n\t\t<\/div>\n\t\t\t\t\t\t<\/div>\n\t\t\t\t<\/div>\n\t\t\t\t\t<\/div>\n\t\t<\/div>\n\t\t\t\t<div class=\"elementor-column elementor-col-25 elementor-inner-column elementor-element elementor-element-318fc86\" data-id=\"318fc86\" data-element_type=\"column\">\n\t\t\t<div class=\"elementor-widget-wrap elementor-element-populated\">\n\t\t\t\t\t\t<div class=\"elementor-element elementor-element-ab16a61 elementor-widget elementor-widget-eael-interactive-promo\" data-id=\"ab16a61\" data-element_type=\"widget\" data-widget_type=\"eael-interactive-promo.default\">\n\t\t\t\t<div class=\"elementor-widget-container\">\n\t\t\t\t\t\t\t<div id=\"eael-promo-ab16a61\" class=\"eael-interactive-promo\">\n\t\t\t<figure class=\"effect-sadie\">\n\t\t\t\t<img decoding=\"async\" alt=\"\" src=\"https:\/\/panelteconline.com\/wp-content\/uploads\/2021\/08\/productos3.webp\">\t\t\t\t<figcaption>\n\t\t\t\t\t<div>\n\t\t\t\t\t\t\t\t\t\t\t\t\t<h2 class=\"translation-block\">Enclosures &amp; Panels<\/h2>\n\t\t\t\t\t\t\n\t\t\t\t\t\t<p><p>Explore &gt;<\/p><\/p>\n\t\t\t\t\t<\/div>\n\t\t\t\t\t                        <a aria-label=\"Enclosures &amp; Panels\" href=\"#\"><\/a>\n\t\t\t\t\t\t\t\t\t<\/figcaption>\n\t\t\t<\/figure>\n\t\t<\/div>\n\t\t\t\t\t\t<\/div>\n\t\t\t\t<\/div>\n\t\t\t\t\t<\/div>\n\t\t<\/div>\n\t\t\t\t<div class=\"elementor-column elementor-col-25 elementor-inner-column elementor-element elementor-element-c04e02b\" data-id=\"c04e02b\" data-element_type=\"column\">\n\t\t\t<div class=\"elementor-widget-wrap elementor-element-populated\">\n\t\t\t\t\t\t<div class=\"elementor-element elementor-element-60c4c21 elementor-widget elementor-widget-eael-interactive-promo\" data-id=\"60c4c21\" data-element_type=\"widget\" data-widget_type=\"eael-interactive-promo.default\">\n\t\t\t\t<div class=\"elementor-widget-container\">\n\t\t\t\t\t\t\t<div id=\"eael-promo-60c4c21\" class=\"eael-interactive-promo\">\n\t\t\t<figure class=\"effect-sadie\">\n\t\t\t\t<img decoding=\"async\" alt=\"\" src=\"https:\/\/panelteconline.com\/wp-content\/uploads\/2021\/08\/productos4.webp\">\t\t\t\t<figcaption>\n\t\t\t\t\t<div>\n\t\t\t\t\t\t\t\t\t\t\t\t\t<h2>Millwork<\/h2>\n\t\t\t\t\t\t\n\t\t\t\t\t\t<p><p>Explore &gt;<\/p><\/p>\n\t\t\t\t\t<\/div>\n\t\t\t\t\t                        <a aria-label=\"Millwork\" href=\"#\"><\/a>\n\t\t\t\t\t\t\t\t\t<\/figcaption>\n\t\t\t<\/figure>\n\t\t<\/div>\n\t\t\t\t\t\t<\/div>\n\t\t\t\t<\/div>\n\t\t\t\t\t<\/div>\n\t\t<\/div>\n\t\t\t\t\t<\/div>\n\t\t<\/section>\n\t\t\t\t<section data-particle_enable=\"false\" data-particle-mobile-disabled=\"false\" class=\"elementor-section elementor-inner-section elementor-element elementor-element-9a52730 animated-slow elementor-section-content-middle elementor-hidden-desktop elementor-hidden-tablet elementor-hidden-mobile elementor-section-boxed elementor-section-height-default elementor-section-height-default elementor-invisible\" data-id=\"9a52730\" data-element_type=\"section\" data-settings=\"{&quot;animation&quot;:&quot;fadeInUp&quot;}\">\n\t\t\t\t\t\t<div class=\"elementor-container elementor-column-gap-no\">\n\t\t\t\t\t<div class=\"elementor-column elementor-col-100 elementor-inner-column elementor-element elementor-element-3d93d5e\" data-id=\"3d93d5e\" data-element_type=\"column\">\n\t\t\t<div class=\"elementor-widget-wrap elementor-element-populated\">\n\t\t\t\t\t\t<div class=\"elementor-element elementor-element-64ff6b8 animated-slow elementor-invisible elementor-widget elementor-widget-eael-creative-button\" data-id=\"64ff6b8\" data-element_type=\"widget\" data-settings=\"{&quot;_animation&quot;:&quot;fadeInUp&quot;}\" data-widget_type=\"eael-creative-button.default\">\n\t\t\t\t<div class=\"elementor-widget-container\">\n\t\t\t\t\t        <div class=\"eael-creative-button-wrapper\">\n\n            <a class=\"eael-creative-button eael-creative-button--default\" href=\"https:\/\/d1c4f53d-86a2-4480-809c-ba7c773f9e0b.filesusr.com\/ugd\/d9e7f2_6a906ca48b6a4ed6bc0edc338a440eff.pdf\" data-text=\"Go!\">\n            \t    \n                <div class=\"creative-button-inner\">\n\n                                            <span class=\"eael-creative-button-icon-left\"><i aria-hidden=\"true\" class=\"fas fa-file-download\"><\/i><\/span>                    \n                    <span class=\"cretive-button-text\">Download catalog<\/span>\n\n                                    <\/div>\n\t                        <\/a>\n        <\/div>\n        \t\t\t\t<\/div>\n\t\t\t\t<\/div>\n\t\t\t\t\t<\/div>\n\t\t<\/div>\n\t\t\t\t\t<\/div>\n\t\t<\/section>\n\t\t\t\t\t<\/div>\n\t\t<\/div>\n\t\t\t\t\t<\/div>\n\t\t<\/section>\n\t\t\t\t<\/div>","protected":false},"excerpt":{"rendered":"<p>Productos Pisos Explor\u00e1 &gt; Mobiliario Explor\u00e1 &gt; Cerramientos &amp; Paneler\u00eda Explor\u00e1 &gt; Millwork Explor\u00e1 &gt; Descargar cat\u00e1logo<\/p>","protected":false},"author":2,"featured_media":0,"parent":0,"menu_order":0,"comment_status":"closed","ping_status":"closed","template":"","meta":{"site-sidebar-layout":"no-sidebar","site-content-layout":"page-builder","ast-site-content-layout":"default","site-content-style":"default","site-sidebar-style":"default","ast-global-header-display":"","ast-banner-title-visibility":"","ast-main-header-display":"","ast-hfb-above-header-display":"","ast-hfb-below-header-display":"","ast-hfb-mobile-header-display":"","site-post-title":"disabled","ast-breadcrumbs-content":"","ast-featured-img":"disabled","footer-sml-layout":"","theme-transparent-header-meta":"default","adv-header-id-meta":"","stick-header-meta":"default","header-above-stick-meta":"","header-main-stick-meta":"","header-below-stick-meta":"","astra-migrate-meta-layouts":"default","ast-page-background-enabled":"default","ast-page-background-meta":{"desktop":{"background-color":"var(--ast-global-color-4)","background-image":"","background-repeat":"repeat","background-position":"center center","background-size":"auto","background-attachment":"scroll","background-type":"","background-media":"","overlay-type":"","overlay-color":"","overlay-opacity":"","overlay-gradient":""},"tablet":{"background-color":"","background-image":"","background-repeat":"repeat","background-position":"center center","background-size":"auto","background-attachment":"scroll","background-type":"","background-media":"","overlay-type":"","overlay-color":"","overlay-opacity":"","overlay-gradient":""},"mobile":{"background-color":"","background-image":"","background-repeat":"repeat","background-position":"center center","background-size":"auto","background-attachment":"scroll","background-type":"","background-media":"","overlay-type":"","overlay-color":"","overlay-opacity":"","overlay-gradient":""}},"ast-content-background-meta":{"desktop":{"background-color":"var(--ast-global-color-5)","background-image":"","background-repeat":"repeat","background-position":"center center","background-size":"auto","background-attachment":"scroll","background-type":"","background-media":"","overlay-type":"","overlay-color":"","overlay-opacity":"","overlay-gradient":""},"tablet":{"background-color":"var(--ast-global-color-5)","background-image":"","background-repeat":"repeat","background-position":"center center","background-size":"auto","background-attachment":"scroll","background-type":"","background-media":"","overlay-type":"","overlay-color":"","overlay-opacity":"","overlay-gradient":""},"mobile":{"background-color":"var(--ast-global-color-5)","background-image":"","background-repeat":"repeat","background-position":"center center","background-size":"auto","background-attachment":"scroll","background-type":"","background-media":"","overlay-type":"","overlay-color":"","overlay-opacity":"","overlay-gradient":""}},"footnotes":""},"class_list":["post-310","page","type-page","status-publish","hentry"],"yoast_head":"<!-- This site is optimized with the Yoast SEO plugin v25.9 - https:\/\/yoast.com\/wordpress\/plugins\/seo\/ -->\n<title>Productos - Paneltec<\/title>\n<meta name=\"robots\" content=\"index, follow, max-snippet:-1, max-image-preview:large, max-video-preview:-1\" \/>\n<link rel=\"canonical\" href=\"https:\/\/panelteconline.com\/en\/productos\/\" \/>\n<meta property=\"og:locale\" content=\"en_US\" \/>\n<meta property=\"og:type\" content=\"article\" \/>\n<meta property=\"og:title\" content=\"Productos - Paneltec\" \/>\n<meta property=\"og:description\" content=\"Productos Pisos Explor\u00e1 &gt; Mobiliario Explor\u00e1 &gt; Cerramientos &amp; Paneler\u00eda Explor\u00e1 &gt; Millwork Explor\u00e1 &gt; Descargar cat\u00e1logo\" \/>\n<meta property=\"og:url\" content=\"https:\/\/panelteconline.com\/en\/productos\/\" \/>\n<meta property=\"og:site_name\" content=\"Paneltec\" \/>\n<meta property=\"article:modified_time\" content=\"2023-04-05T16:29:44+00:00\" \/>\n<meta property=\"og:image\" content=\"https:\/\/panelteconline.com\/wp-content\/uploads\/2021\/08\/productos1.webp\" \/>\n<meta name=\"twitter:card\" content=\"summary_large_image\" \/>\n<meta name=\"twitter:label1\" content=\"Est. reading time\" \/>\n\t<meta name=\"twitter:data1\" content=\"1 minute\" \/>\n<script type=\"application\/ld+json\" class=\"yoast-schema-graph\">{\"@context\":\"https:\/\/schema.org\",\"@graph\":[{\"@type\":\"WebPage\",\"@id\":\"https:\/\/panelteconline.com\/productos\/\",\"url\":\"https:\/\/panelteconline.com\/productos\/\",\"name\":\"Productos - Paneltec\",\"isPartOf\":{\"@id\":\"https:\/\/panelteconline.com\/#website\"},\"primaryImageOfPage\":{\"@id\":\"https:\/\/panelteconline.com\/productos\/#primaryimage\"},\"image\":{\"@id\":\"https:\/\/panelteconline.com\/productos\/#primaryimage\"},\"thumbnailUrl\":\"https:\/\/panelteconline.com\/wp-content\/uploads\/2021\/08\/productos1.webp\",\"datePublished\":\"2021-08-12T18:30:58+00:00\",\"dateModified\":\"2023-04-05T16:29:44+00:00\",\"breadcrumb\":{\"@id\":\"https:\/\/panelteconline.com\/productos\/#breadcrumb\"},\"inLanguage\":\"en-US\",\"potentialAction\":[{\"@type\":\"ReadAction\",\"target\":[\"https:\/\/panelteconline.com\/productos\/\"]}]},{\"@type\":\"ImageObject\",\"inLanguage\":\"en-US\",\"@id\":\"https:\/\/panelteconline.com\/productos\/#primaryimage\",\"url\":\"https:\/\/panelteconline.com\/wp-content\/uploads\/2021\/08\/productos1.webp\",\"contentUrl\":\"https:\/\/panelteconline.com\/wp-content\/uploads\/2021\/08\/productos1.webp\"},{\"@type\":\"BreadcrumbList\",\"@id\":\"https:\/\/panelteconline.com\/productos\/#breadcrumb\",\"itemListElement\":[{\"@type\":\"ListItem\",\"position\":1,\"name\":\"Portada\",\"item\":\"https:\/\/panelteconline.com\/\"},{\"@type\":\"ListItem\",\"position\":2,\"name\":\"Productos\"}]},{\"@type\":\"WebSite\",\"@id\":\"https:\/\/panelteconline.com\/#website\",\"url\":\"https:\/\/panelteconline.com\/\",\"name\":\"Paneltec\",\"description\":\"\",\"publisher\":{\"@id\":\"https:\/\/panelteconline.com\/#organization\"},\"potentialAction\":[{\"@type\":\"SearchAction\",\"target\":{\"@type\":\"EntryPoint\",\"urlTemplate\":\"https:\/\/panelteconline.com\/?s={search_term_string}\"},\"query-input\":{\"@type\":\"PropertyValueSpecification\",\"valueRequired\":true,\"valueName\":\"search_term_string\"}}],\"inLanguage\":\"en-US\"},{\"@type\":\"Organization\",\"@id\":\"https:\/\/panelteconline.com\/#organization\",\"name\":\"Paneltec\",\"url\":\"https:\/\/panelteconline.com\/\",\"logo\":{\"@type\":\"ImageObject\",\"inLanguage\":\"en-US\",\"@id\":\"https:\/\/panelteconline.com\/#\/schema\/logo\/image\/\",\"url\":\"https:\/\/panelteconline.com\/wp-content\/uploads\/2021\/08\/logo-Paneltec-nuevo.png\",\"contentUrl\":\"https:\/\/panelteconline.com\/wp-content\/uploads\/2021\/08\/logo-Paneltec-nuevo.png\",\"width\":5272,\"height\":992,\"caption\":\"Paneltec\"},\"image\":{\"@id\":\"https:\/\/panelteconline.com\/#\/schema\/logo\/image\/\"}}]}<\/script>\n<!-- \/ Yoast SEO plugin. -->","yoast_head_json":{"title":"Productos - Paneltec","robots":{"index":"index","follow":"follow","max-snippet":"max-snippet:-1","max-image-preview":"max-image-preview:large","max-video-preview":"max-video-preview:-1"},"canonical":"https:\/\/panelteconline.com\/en\/productos\/","og_locale":"en_US","og_type":"article","og_title":"Productos - Paneltec","og_description":"Productos Pisos Explor\u00e1 &gt; Mobiliario Explor\u00e1 &gt; Cerramientos &amp; Paneler\u00eda Explor\u00e1 &gt; Millwork Explor\u00e1 &gt; Descargar cat\u00e1logo","og_url":"https:\/\/panelteconline.com\/en\/productos\/","og_site_name":"Paneltec","article_modified_time":"2023-04-05T16:29:44+00:00","og_image":[{"url":"https:\/\/panelteconline.com\/wp-content\/uploads\/2021\/08\/productos1.webp","type":"","width":"","height":""}],"twitter_card":"summary_large_image","twitter_misc":{"Est. reading time":"1 minute"},"schema":{"@context":"https:\/\/schema.org","@graph":[{"@type":"WebPage","@id":"https:\/\/panelteconline.com\/productos\/","url":"https:\/\/panelteconline.com\/productos\/","name":"Productos - Paneltec","isPartOf":{"@id":"https:\/\/panelteconline.com\/#website"},"primaryImageOfPage":{"@id":"https:\/\/panelteconline.com\/productos\/#primaryimage"},"image":{"@id":"https:\/\/panelteconline.com\/productos\/#primaryimage"},"thumbnailUrl":"https:\/\/panelteconline.com\/wp-content\/uploads\/2021\/08\/productos1.webp","datePublished":"2021-08-12T18:30:58+00:00","dateModified":"2023-04-05T16:29:44+00:00","breadcrumb":{"@id":"https:\/\/panelteconline.com\/productos\/#breadcrumb"},"inLanguage":"en-US","potentialAction":[{"@type":"ReadAction","target":["https:\/\/panelteconline.com\/productos\/"]}]},{"@type":"ImageObject","inLanguage":"en-US","@id":"https:\/\/panelteconline.com\/productos\/#primaryimage","url":"https:\/\/panelteconline.com\/wp-content\/uploads\/2021\/08\/productos1.webp","contentUrl":"https:\/\/panelteconline.com\/wp-content\/uploads\/2021\/08\/productos1.webp"},{"@type":"BreadcrumbList","@id":"https:\/\/panelteconline.com\/productos\/#breadcrumb","itemListElement":[{"@type":"ListItem","position":1,"name":"Portada","item":"https:\/\/panelteconline.com\/"},{"@type":"ListItem","position":2,"name":"Productos"}]},{"@type":"WebSite","@id":"https:\/\/panelteconline.com\/#website","url":"https:\/\/panelteconline.com\/","name":"Paneltec","description":"","publisher":{"@id":"https:\/\/panelteconline.com\/#organization"},"potentialAction":[{"@type":"SearchAction","target":{"@type":"EntryPoint","urlTemplate":"https:\/\/panelteconline.com\/?s={search_term_string}"},"query-input":{"@type":"PropertyValueSpecification","valueRequired":true,"valueName":"search_term_string"}}],"inLanguage":"en-US"},{"@type":"Organization","@id":"https:\/\/panelteconline.com\/#organization","name":"Paneltec","url":"https:\/\/panelteconline.com\/","logo":{"@type":"ImageObject","inLanguage":"en-US","@id":"https:\/\/panelteconline.com\/#\/schema\/logo\/image\/","url":"https:\/\/panelteconline.com\/wp-content\/uploads\/2021\/08\/logo-Paneltec-nuevo.png","contentUrl":"https:\/\/panelteconline.com\/wp-content\/uploads\/2021\/08\/logo-Paneltec-nuevo.png","width":5272,"height":992,"caption":"Paneltec"},"image":{"@id":"https:\/\/panelteconline.com\/#\/schema\/logo\/image\/"}}]}},"_links":{"self":[{"href":"https:\/\/panelteconline.com\/en\/wp-json\/wp\/v2\/pages\/310","targetHints":{"allow":["GET"]}}],"collection":[{"href":"https:\/\/panelteconline.com\/en\/wp-json\/wp\/v2\/pages"}],"about":[{"href":"https:\/\/panelteconline.com\/en\/wp-json\/wp\/v2\/types\/page"}],"author":[{"embeddable":true,"href":"https:\/\/panelteconline.com\/en\/wp-json\/wp\/v2\/users\/2"}],"replies":[{"embeddable":true,"href":"https:\/\/panelteconline.com\/en\/wp-json\/wp\/v2\/comments?post=310"}],"version-history":[{"count":62,"href":"https:\/\/panelteconline.com\/en\/wp-json\/wp\/v2\/pages\/310\/revisions"}],"predecessor-version":[{"id":3046,"href":"https:\/\/panelteconline.com\/en\/wp-json\/wp\/v2\/pages\/310\/revisions\/3046"}],"wp:attachment":[{"href":"https:\/\/panelteconline.com\/en\/wp-json\/wp\/v2\/media?parent=310"}],"curies":[{"name":"wp","href":"https:\/\/api.w.org\/{rel}","templated":true}]}}