{"id":2541,"date":"2021-11-05T17:38:56","date_gmt":"2021-11-05T17:38:56","guid":{"rendered":"https:\/\/panelteconline.com\/?page_id=2541"},"modified":"2021-11-17T15:28:44","modified_gmt":"2021-11-17T15:28:44","slug":"aviso-de-privacidad","status":"publish","type":"page","link":"https:\/\/panelteconline.com\/en\/aviso-de-privacidad\/","title":{"rendered":"Privacy Policy"},"content":{"rendered":"<div data-elementor-type=\"wp-page\" data-elementor-id=\"2541\" class=\"elementor elementor-2541\" data-elementor-post-type=\"page\">\n\t\t\t\t\t\t<section data-particle_enable=\"false\" data-particle-mobile-disabled=\"false\" class=\"elementor-section elementor-top-section elementor-element elementor-element-ff55a50 elementor-section-boxed elementor-section-height-default elementor-section-height-default\" data-id=\"ff55a50\" data-element_type=\"section\" data-settings=\"{&quot;background_background&quot;:&quot;classic&quot;}\">\n\t\t\t\t\t\t<div class=\"elementor-container elementor-column-gap-default\">\n\t\t\t\t\t<div class=\"elementor-column elementor-col-16 elementor-top-column elementor-element elementor-element-e111fd2\" data-id=\"e111fd2\" data-element_type=\"column\">\n\t\t\t<div class=\"elementor-widget-wrap\">\n\t\t\t\t\t\t\t<\/div>\n\t\t<\/div>\n\t\t\t\t<div class=\"elementor-column elementor-col-66 elementor-top-column elementor-element elementor-element-3888184\" data-id=\"3888184\" data-element_type=\"column\">\n\t\t\t<div class=\"elementor-widget-wrap elementor-element-populated\">\n\t\t\t\t\t\t<div class=\"elementor-element elementor-element-cfaacf7 animated-slow elementor-invisible elementor-widget elementor-widget-heading\" data-id=\"cfaacf7\" data-element_type=\"widget\" data-settings=\"{&quot;_animation&quot;:&quot;fadeInUp&quot;}\" data-widget_type=\"heading.default\">\n\t\t\t\t<div class=\"elementor-widget-container\">\n\t\t\t\t\t<h2 class=\"elementor-heading-title elementor-size-default\">Privacy Policy <\/h2>\t\t\t\t<\/div>\n\t\t\t\t<\/div>\n\t\t\t\t<div class=\"elementor-element elementor-element-9f490cb elementor-widget elementor-widget-text-editor\" data-id=\"9f490cb\" data-element_type=\"widget\" data-widget_type=\"text-editor.default\">\n\t\t\t\t<div class=\"elementor-widget-container\">\n\t\t\t\t\t\t\t\t\tBienvenido a Paneltec S.A, muchas gracias por ingresar a nuestro sitio. El uso del Sitio Web y sus contenidos est\u00e1n regulados por las presentes Condiciones de Uso. Al utilizar el Sitio Web, los Usuarios reconocen haber le\u00eddo estas condiciones y aceptarlas. Se entiende que estas condiciones pueden ser revisadas y modificadas por Paneltec S.A. sin ninguna obligaci\u00f3n de notificar los cambios realizados en estas condiciones. Es responsabilidad de los usuarios revisar peri\u00f3dicamente las Condiciones de Uso.\n\nPor favor lea cuidadosamente los t\u00e9rminos indicados a continuaci\u00f3n y si usted no est\u00e1 de acuerdo con ellos, no deber\u00eda utilizar este sitio Web. Los t\u00e9rminos \u201cPaneltec\u201d, \u201cnosotros\u201d o \u201cnuestro\u201d, se refieren a Paneltec S.A. El t\u00e9rmino \u201custed\u201d se refiere al usuario o al visitante de nuestro sitio Web.\n\nEste Sitio Web es propiedad de Paneltec S.A. Todos los derechos de propiedad intelectual relacionados con el sitio Web est\u00e1n sujetos a la legislaci\u00f3n vigente y v\u00e1lida de Costa Rica y los convenios internacionales.\n\nSi los usuarios no est\u00e1n de acuerdo con las Condiciones de Uso, no podr\u00e1n tener acceso o utilizar el Sitio Web.\n\nNegaci\u00f3n de responsabilidad sobre las inexactitudes: De manera involuntaria podr\u00eda haber, de vez en cuando, informaci\u00f3n con errores gr\u00e1ficos, omisiones, desactualizaciones e inexactitudes relacionadas con las descripciones y disponibilidad de los productos, indicadas en nuestro sitio. Paneltec S.A., se reserva el derecho de corregir cualesquiera de las situaciones antes mencionadas y de cambiar o actualizar la informaci\u00f3n en cualquier momento sin previo aviso (incluso despu\u00e9s de que usted haya enviado su pedido).\n\nNosotros sujetes a las leyes aplicables:\n\nNos reservamos el derecho de cambiar los productos publicitados u ofrecidos para la venta y las especificaciones.\t\t\t\t\t\t\t\t<\/div>\n\t\t\t\t<\/div>\n\t\t\t\t\t<\/div>\n\t\t<\/div>\n\t\t\t\t<div class=\"elementor-column elementor-col-16 elementor-top-column elementor-element elementor-element-d2dff22\" data-id=\"d2dff22\" data-element_type=\"column\">\n\t\t\t<div class=\"elementor-widget-wrap\">\n\t\t\t\t\t\t\t<\/div>\n\t\t<\/div>\n\t\t\t\t\t<\/div>\n\t\t<\/section>\n\t\t\t\t<\/div>","protected":false},"excerpt":{"rendered":"<p>Aviso de Privacidad Bienvenido a Paneltec S.A, muchas gracias por ingresar a nuestro sitio. El uso del Sitio Web y sus contenidos est\u00e1n regulados por las presentes Condiciones de Uso. Al utilizar el Sitio Web, los Usuarios reconocen haber le\u00eddo estas condiciones y aceptarlas. Se entiende que estas condiciones pueden ser revisadas y modificadas por [&hellip;]<\/p>","protected":false},"author":4,"featured_media":0,"parent":0,"menu_order":0,"comment_status":"closed","ping_status":"closed","template":"","meta":{"site-sidebar-layout":"no-sidebar","site-content-layout":"page-builder","ast-site-content-layout":"default","site-content-style":"default","site-sidebar-style":"default","ast-global-header-display":"","ast-banner-title-visibility":"","ast-main-header-display":"","ast-hfb-above-header-display":"","ast-hfb-below-header-display":"","ast-hfb-mobile-header-display":"","site-post-title":"disabled","ast-breadcrumbs-content":"","ast-featured-img":"disabled","footer-sml-layout":"","theme-transparent-header-meta":"default","adv-header-id-meta":"","stick-header-meta":"default","header-above-stick-meta":"","header-main-stick-meta":"","header-below-stick-meta":"","astra-migrate-meta-layouts":"default","ast-page-background-enabled":"default","ast-page-background-meta":{"desktop":{"background-color":"var(--ast-global-color-4)","background-image":"","background-repeat":"repeat","background-position":"center center","background-size":"auto","background-attachment":"scroll","background-type":"","background-media":"","overlay-type":"","overlay-color":"","overlay-opacity":"","overlay-gradient":""},"tablet":{"background-color":"","background-image":"","background-repeat":"repeat","background-position":"center center","background-size":"auto","background-attachment":"scroll","background-type":"","background-media":"","overlay-type":"","overlay-color":"","overlay-opacity":"","overlay-gradient":""},"mobile":{"background-color":"","background-image":"","background-repeat":"repeat","background-position":"center center","background-size":"auto","background-attachment":"scroll","background-type":"","background-media":"","overlay-type":"","overlay-color":"","overlay-opacity":"","overlay-gradient":""}},"ast-content-background-meta":{"desktop":{"background-color":"var(--ast-global-color-5)","background-image":"","background-repeat":"repeat","background-position":"center center","background-size":"auto","background-attachment":"scroll","background-type":"","background-media":"","overlay-type":"","overlay-color":"","overlay-opacity":"","overlay-gradient":""},"tablet":{"background-color":"var(--ast-global-color-5)","background-image":"","background-repeat":"repeat","background-position":"center center","background-size":"auto","background-attachment":"scroll","background-type":"","background-media":"","overlay-type":"","overlay-color":"","overlay-opacity":"","overlay-gradient":""},"mobile":{"background-color":"var(--ast-global-color-5)","background-image":"","background-repeat":"repeat","background-position":"center center","background-size":"auto","background-attachment":"scroll","background-type":"","background-media":"","overlay-type":"","overlay-color":"","overlay-opacity":"","overlay-gradient":""}},"footnotes":""},"class_list":["post-2541","page","type-page","status-publish","hentry"],"yoast_head":"<!-- This site is optimized with the Yoast SEO plugin v25.9 - https:\/\/yoast.com\/wordpress\/plugins\/seo\/ -->\n<title>Aviso de Privacidad - Paneltec<\/title>\n<meta name=\"robots\" content=\"index, follow, max-snippet:-1, max-image-preview:large, max-video-preview:-1\" \/>\n<link rel=\"canonical\" href=\"https:\/\/panelteconline.com\/en\/aviso-de-privacidad\/\" \/>\n<meta property=\"og:locale\" content=\"en_US\" \/>\n<meta property=\"og:type\" content=\"article\" \/>\n<meta property=\"og:title\" content=\"Aviso de Privacidad - Paneltec\" \/>\n<meta property=\"og:description\" content=\"Aviso de Privacidad Bienvenido a Paneltec S.A, muchas gracias por ingresar a nuestro sitio. El uso del Sitio Web y sus contenidos est\u00e1n regulados por las presentes Condiciones de Uso. Al utilizar el Sitio Web, los Usuarios reconocen haber le\u00eddo estas condiciones y aceptarlas. Se entiende que estas condiciones pueden ser revisadas y modificadas por [&hellip;]\" \/>\n<meta property=\"og:url\" content=\"https:\/\/panelteconline.com\/en\/aviso-de-privacidad\/\" \/>\n<meta property=\"og:site_name\" content=\"Paneltec\" \/>\n<meta property=\"article:modified_time\" content=\"2021-11-17T15:28:44+00:00\" \/>\n<meta name=\"twitter:card\" content=\"summary_large_image\" \/>\n<meta name=\"twitter:label1\" content=\"Est. reading time\" \/>\n\t<meta name=\"twitter:data1\" content=\"2 minutes\" \/>\n<script type=\"application\/ld+json\" class=\"yoast-schema-graph\">{\"@context\":\"https:\/\/schema.org\",\"@graph\":[{\"@type\":\"WebPage\",\"@id\":\"https:\/\/panelteconline.com\/en\/aviso-de-privacidad\/\",\"url\":\"https:\/\/panelteconline.com\/en\/aviso-de-privacidad\/\",\"name\":\"Aviso de Privacidad - Paneltec\",\"isPartOf\":{\"@id\":\"https:\/\/panelteconline.com\/#website\"},\"datePublished\":\"2021-11-05T17:38:56+00:00\",\"dateModified\":\"2021-11-17T15:28:44+00:00\",\"breadcrumb\":{\"@id\":\"https:\/\/panelteconline.com\/en\/aviso-de-privacidad\/#breadcrumb\"},\"inLanguage\":\"en-US\",\"potentialAction\":[{\"@type\":\"ReadAction\",\"target\":[\"https:\/\/panelteconline.com\/en\/aviso-de-privacidad\/\"]}]},{\"@type\":\"BreadcrumbList\",\"@id\":\"https:\/\/panelteconline.com\/en\/aviso-de-privacidad\/#breadcrumb\",\"itemListElement\":[{\"@type\":\"ListItem\",\"position\":1,\"name\":\"Portada\",\"item\":\"https:\/\/panelteconline.com\/\"},{\"@type\":\"ListItem\",\"position\":2,\"name\":\"Aviso de Privacidad\"}]},{\"@type\":\"WebSite\",\"@id\":\"https:\/\/panelteconline.com\/#website\",\"url\":\"https:\/\/panelteconline.com\/\",\"name\":\"Paneltec\",\"description\":\"\",\"publisher\":{\"@id\":\"https:\/\/panelteconline.com\/#organization\"},\"potentialAction\":[{\"@type\":\"SearchAction\",\"target\":{\"@type\":\"EntryPoint\",\"urlTemplate\":\"https:\/\/panelteconline.com\/?s={search_term_string}\"},\"query-input\":{\"@type\":\"PropertyValueSpecification\",\"valueRequired\":true,\"valueName\":\"search_term_string\"}}],\"inLanguage\":\"en-US\"},{\"@type\":\"Organization\",\"@id\":\"https:\/\/panelteconline.com\/#organization\",\"name\":\"Paneltec\",\"url\":\"https:\/\/panelteconline.com\/\",\"logo\":{\"@type\":\"ImageObject\",\"inLanguage\":\"en-US\",\"@id\":\"https:\/\/panelteconline.com\/#\/schema\/logo\/image\/\",\"url\":\"https:\/\/panelteconline.com\/wp-content\/uploads\/2021\/08\/logo-Paneltec-nuevo.png\",\"contentUrl\":\"https:\/\/panelteconline.com\/wp-content\/uploads\/2021\/08\/logo-Paneltec-nuevo.png\",\"width\":5272,\"height\":992,\"caption\":\"Paneltec\"},\"image\":{\"@id\":\"https:\/\/panelteconline.com\/#\/schema\/logo\/image\/\"}}]}<\/script>\n<!-- \/ Yoast SEO plugin. -->","yoast_head_json":{"title":"Aviso de Privacidad - Paneltec","robots":{"index":"index","follow":"follow","max-snippet":"max-snippet:-1","max-image-preview":"max-image-preview:large","max-video-preview":"max-video-preview:-1"},"canonical":"https:\/\/panelteconline.com\/en\/aviso-de-privacidad\/","og_locale":"en_US","og_type":"article","og_title":"Aviso de Privacidad - Paneltec","og_description":"Aviso de Privacidad Bienvenido a Paneltec S.A, muchas gracias por ingresar a nuestro sitio. El uso del Sitio Web y sus contenidos est\u00e1n regulados por las presentes Condiciones de Uso. Al utilizar el Sitio Web, los Usuarios reconocen haber le\u00eddo estas condiciones y aceptarlas. Se entiende que estas condiciones pueden ser revisadas y modificadas por [&hellip;]","og_url":"https:\/\/panelteconline.com\/en\/aviso-de-privacidad\/","og_site_name":"Paneltec","article_modified_time":"2021-11-17T15:28:44+00:00","twitter_card":"summary_large_image","twitter_misc":{"Est. reading time":"2 minutes"},"schema":{"@context":"https:\/\/schema.org","@graph":[{"@type":"WebPage","@id":"https:\/\/panelteconline.com\/en\/aviso-de-privacidad\/","url":"https:\/\/panelteconline.com\/en\/aviso-de-privacidad\/","name":"Aviso de Privacidad - Paneltec","isPartOf":{"@id":"https:\/\/panelteconline.com\/#website"},"datePublished":"2021-11-05T17:38:56+00:00","dateModified":"2021-11-17T15:28:44+00:00","breadcrumb":{"@id":"https:\/\/panelteconline.com\/en\/aviso-de-privacidad\/#breadcrumb"},"inLanguage":"en-US","potentialAction":[{"@type":"ReadAction","target":["https:\/\/panelteconline.com\/en\/aviso-de-privacidad\/"]}]},{"@type":"BreadcrumbList","@id":"https:\/\/panelteconline.com\/en\/aviso-de-privacidad\/#breadcrumb","itemListElement":[{"@type":"ListItem","position":1,"name":"Portada","item":"https:\/\/panelteconline.com\/"},{"@type":"ListItem","position":2,"name":"Aviso de Privacidad"}]},{"@type":"WebSite","@id":"https:\/\/panelteconline.com\/#website","url":"https:\/\/panelteconline.com\/","name":"Paneltec","description":"","publisher":{"@id":"https:\/\/panelteconline.com\/#organization"},"potentialAction":[{"@type":"SearchAction","target":{"@type":"EntryPoint","urlTemplate":"https:\/\/panelteconline.com\/?s={search_term_string}"},"query-input":{"@type":"PropertyValueSpecification","valueRequired":true,"valueName":"search_term_string"}}],"inLanguage":"en-US"},{"@type":"Organization","@id":"https:\/\/panelteconline.com\/#organization","name":"Paneltec","url":"https:\/\/panelteconline.com\/","logo":{"@type":"ImageObject","inLanguage":"en-US","@id":"https:\/\/panelteconline.com\/#\/schema\/logo\/image\/","url":"https:\/\/panelteconline.com\/wp-content\/uploads\/2021\/08\/logo-Paneltec-nuevo.png","contentUrl":"https:\/\/panelteconline.com\/wp-content\/uploads\/2021\/08\/logo-Paneltec-nuevo.png","width":5272,"height":992,"caption":"Paneltec"},"image":{"@id":"https:\/\/panelteconline.com\/#\/schema\/logo\/image\/"}}]}},"_links":{"self":[{"href":"https:\/\/panelteconline.com\/en\/wp-json\/wp\/v2\/pages\/2541","targetHints":{"allow":["GET"]}}],"collection":[{"href":"https:\/\/panelteconline.com\/en\/wp-json\/wp\/v2\/pages"}],"about":[{"href":"https:\/\/panelteconline.com\/en\/wp-json\/wp\/v2\/types\/page"}],"author":[{"embeddable":true,"href":"https:\/\/panelteconline.com\/en\/wp-json\/wp\/v2\/users\/4"}],"replies":[{"embeddable":true,"href":"https:\/\/panelteconline.com\/en\/wp-json\/wp\/v2\/comments?post=2541"}],"version-history":[{"count":7,"href":"https:\/\/panelteconline.com\/en\/wp-json\/wp\/v2\/pages\/2541\/revisions"}],"predecessor-version":[{"id":2551,"href":"https:\/\/panelteconline.com\/en\/wp-json\/wp\/v2\/pages\/2541\/revisions\/2551"}],"wp:attachment":[{"href":"https:\/\/panelteconline.com\/en\/wp-json\/wp\/v2\/media?parent=2541"}],"curies":[{"name":"wp","href":"https:\/\/api.w.org\/{rel}","templated":true}]}}