{"id":166,"date":"2021-08-12T15:05:12","date_gmt":"2021-08-12T15:05:12","guid":{"rendered":"https:\/\/panelteconline.com\/?page_id=166"},"modified":"2023-04-05T16:25:14","modified_gmt":"2023-04-05T16:25:14","slug":"quienes-somos","status":"publish","type":"page","link":"https:\/\/panelteconline.com\/en\/quienes-somos\/","title":{"rendered":"About us"},"content":{"rendered":"<div data-elementor-type=\"wp-page\" data-elementor-id=\"166\" class=\"elementor elementor-166\" data-elementor-post-type=\"page\">\n\t\t\t\t\t\t<section data-particle_enable=\"false\" data-particle-mobile-disabled=\"false\" class=\"elementor-section elementor-top-section elementor-element elementor-element-0f5d3d6 elementor-section-boxed elementor-section-height-default elementor-section-height-default\" data-id=\"0f5d3d6\" data-element_type=\"section\" data-settings=\"{&quot;background_background&quot;:&quot;classic&quot;}\">\n\t\t\t\t\t\t<div class=\"elementor-container elementor-column-gap-no\">\n\t\t\t\t\t<div class=\"elementor-column elementor-col-50 elementor-top-column elementor-element elementor-element-c325a11\" data-id=\"c325a11\" data-element_type=\"column\">\n\t\t\t<div class=\"elementor-widget-wrap elementor-element-populated\">\n\t\t\t\t\t\t<div class=\"elementor-element elementor-element-41a74f1 animated-slow elementor-invisible elementor-widget elementor-widget-heading\" data-id=\"41a74f1\" data-element_type=\"widget\" data-settings=\"{&quot;_animation&quot;:&quot;fadeInUp&quot;}\" data-widget_type=\"heading.default\">\n\t\t\t\t<div class=\"elementor-widget-container\">\n\t\t\t\t\t<h2 class=\"elementor-heading-title elementor-size-default\">ABOUT US\n<\/h2>\t\t\t\t<\/div>\n\t\t\t\t<\/div>\n\t\t\t\t<div class=\"elementor-element elementor-element-72ae377 animated-slow elementor-invisible elementor-widget elementor-widget-heading\" data-id=\"72ae377\" data-element_type=\"widget\" data-settings=\"{&quot;_animation&quot;:&quot;fadeInUp&quot;}\" data-widget_type=\"heading.default\">\n\t\t\t\t<div class=\"elementor-widget-container\">\n\t\t\t\t\t<h2 class=\"elementor-heading-title elementor-size-default\">Our history<\/h2>\t\t\t\t<\/div>\n\t\t\t\t<\/div>\n\t\t\t\t<section data-particle_enable=\"false\" data-particle-mobile-disabled=\"false\" class=\"elementor-section elementor-inner-section elementor-element elementor-element-7c4677f animated-slow elementor-section-boxed elementor-section-height-default elementor-section-height-default elementor-invisible\" data-id=\"7c4677f\" data-element_type=\"section\" data-settings=\"{&quot;animation&quot;:&quot;fadeInUp&quot;}\">\n\t\t\t\t\t\t<div class=\"elementor-container elementor-column-gap-no\">\n\t\t\t\t\t<div class=\"elementor-column elementor-col-100 elementor-inner-column elementor-element elementor-element-96ba475\" data-id=\"96ba475\" data-element_type=\"column\">\n\t\t\t<div class=\"elementor-widget-wrap elementor-element-populated\">\n\t\t\t\t\t\t<div class=\"elementor-element elementor-element-8dac48c elementor-widget elementor-widget-text-editor\" data-id=\"8dac48c\" data-element_type=\"widget\" data-widget_type=\"text-editor.default\">\n\t\t\t\t<div class=\"elementor-widget-container\">\n\t\t\t\t\t\t\t\t\t<p>Our company has more than 25 years of experience providing integral solutions for our clients in the design of their workspaces.<\/p><p>We offer high quality furniture and the most recognized brands worldwide.<\/p>\t\t\t\t\t\t\t\t<\/div>\n\t\t\t\t<\/div>\n\t\t\t\t\t<\/div>\n\t\t<\/div>\n\t\t\t\t\t<\/div>\n\t\t<\/section>\n\t\t\t\t<section data-particle_enable=\"false\" data-particle-mobile-disabled=\"false\" class=\"elementor-section elementor-inner-section elementor-element elementor-element-b0d0eb5 animated-slow elementor-section-boxed elementor-section-height-default elementor-section-height-default elementor-invisible\" data-id=\"b0d0eb5\" data-element_type=\"section\" data-settings=\"{&quot;animation&quot;:&quot;fadeInUp&quot;}\">\n\t\t\t\t\t\t<div class=\"elementor-container elementor-column-gap-no\">\n\t\t\t\t\t<div class=\"elementor-column elementor-col-100 elementor-inner-column elementor-element elementor-element-49b806e\" data-id=\"49b806e\" data-element_type=\"column\">\n\t\t\t<div class=\"elementor-widget-wrap elementor-element-populated\">\n\t\t\t\t\t\t<div class=\"elementor-element elementor-element-5d3b854 animated-slow elementor-invisible elementor-widget elementor-widget-eael-creative-button\" data-id=\"5d3b854\" data-element_type=\"widget\" data-settings=\"{&quot;_animation&quot;:&quot;fadeInUp&quot;}\" data-widget_type=\"eael-creative-button.default\">\n\t\t\t\t<div class=\"elementor-widget-container\">\n\t\t\t\t\t        <div class=\"eael-creative-button-wrapper\">\n\n            <a class=\"eael-creative-button eael-creative-button--default\" href=\"#\" data-text=\"Go!\">\n            \t    \n                <div class=\"creative-button-inner\">\n\n                                            <span class=\"eael-creative-button-icon-left\"><\/span>                    \n                    <span class=\"cretive-button-text\">Contact<\/span>\n\n                                    <\/div>\n\t                        <\/a>\n        <\/div>\n        \t\t\t\t<\/div>\n\t\t\t\t<\/div>\n\t\t\t\t\t<\/div>\n\t\t<\/div>\n\t\t\t\t\t<\/div>\n\t\t<\/section>\n\t\t\t\t\t<\/div>\n\t\t<\/div>\n\t\t\t\t<div class=\"elementor-column elementor-col-50 elementor-top-column elementor-element elementor-element-9656eb0\" data-id=\"9656eb0\" data-element_type=\"column\">\n\t\t\t<div class=\"elementor-widget-wrap elementor-element-populated\">\n\t\t\t\t\t\t<div class=\"elementor-element elementor-element-06eb179 animated-slow elementor-invisible elementor-widget elementor-widget-image\" data-id=\"06eb179\" data-element_type=\"widget\" data-settings=\"{&quot;_animation&quot;:&quot;fadeInRight&quot;}\" data-widget_type=\"image.default\">\n\t\t\t\t<div class=\"elementor-widget-container\">\n\t\t\t\t\t\t\t\t\t\t\t\t\t\t\t<img fetchpriority=\"high\" decoding=\"async\" width=\"624\" height=\"753\" src=\"https:\/\/panelteconline.com\/wp-content\/uploads\/2021\/08\/Screen-Shot-2021-08-02-at-22_10_08-min.webp\" class=\"attachment-full size-full wp-image-193\" alt=\"\" srcset=\"https:\/\/panelteconline.com\/wp-content\/uploads\/2021\/08\/Screen-Shot-2021-08-02-at-22_10_08-min.webp 624w, https:\/\/panelteconline.com\/wp-content\/uploads\/2021\/08\/Screen-Shot-2021-08-02-at-22_10_08-min-249x300.webp 249w\" sizes=\"(max-width: 624px) 100vw, 624px\" \/>\t\t\t\t\t\t\t\t\t\t\t\t\t\t\t<\/div>\n\t\t\t\t<\/div>\n\t\t\t\t\t<\/div>\n\t\t<\/div>\n\t\t\t\t\t<\/div>\n\t\t<\/section>\n\t\t\t\t<section data-particle_enable=\"false\" data-particle-mobile-disabled=\"false\" class=\"elementor-section elementor-top-section elementor-element elementor-element-f85b1ef elementor-section-full_width elementor-reverse-mobile elementor-section-height-default elementor-section-height-default\" data-id=\"f85b1ef\" data-element_type=\"section\">\n\t\t\t\t\t\t<div class=\"elementor-container elementor-column-gap-no\">\n\t\t\t\t\t<div class=\"elementor-column elementor-col-50 elementor-top-column elementor-element elementor-element-afce9c1\" data-id=\"afce9c1\" data-element_type=\"column\">\n\t\t\t<div class=\"elementor-widget-wrap elementor-element-populated\">\n\t\t\t\t\t\t<div class=\"elementor-element elementor-element-51a68fb animated-slow elementor-invisible elementor-widget elementor-widget-image\" data-id=\"51a68fb\" data-element_type=\"widget\" data-settings=\"{&quot;_animation&quot;:&quot;fadeInLeft&quot;}\" data-widget_type=\"image.default\">\n\t\t\t\t<div class=\"elementor-widget-container\">\n\t\t\t\t\t\t\t\t\t\t\t\t\t\t\t<img decoding=\"async\" width=\"927\" height=\"485\" src=\"https:\/\/panelteconline.com\/wp-content\/uploads\/2021\/08\/Header_Desktop_0000_1920x1004_OutlineHighback.webp\" class=\"attachment-full size-full wp-image-213\" alt=\"\" srcset=\"https:\/\/panelteconline.com\/wp-content\/uploads\/2021\/08\/Header_Desktop_0000_1920x1004_OutlineHighback.webp 927w, https:\/\/panelteconline.com\/wp-content\/uploads\/2021\/08\/Header_Desktop_0000_1920x1004_OutlineHighback-300x157.webp 300w, https:\/\/panelteconline.com\/wp-content\/uploads\/2021\/08\/Header_Desktop_0000_1920x1004_OutlineHighback-768x402.webp 768w\" sizes=\"(max-width: 927px) 100vw, 927px\" \/>\t\t\t\t\t\t\t\t\t\t\t\t\t\t\t<\/div>\n\t\t\t\t<\/div>\n\t\t\t\t\t<\/div>\n\t\t<\/div>\n\t\t\t\t<div class=\"elementor-column elementor-col-50 elementor-top-column elementor-element elementor-element-5ea2582\" data-id=\"5ea2582\" data-element_type=\"column\">\n\t\t\t<div class=\"elementor-widget-wrap elementor-element-populated\">\n\t\t\t\t\t\t<section data-particle_enable=\"false\" data-particle-mobile-disabled=\"false\" class=\"elementor-section elementor-inner-section elementor-element elementor-element-f2664be animated-slow elementor-section-boxed elementor-section-height-default elementor-section-height-default elementor-invisible\" data-id=\"f2664be\" data-element_type=\"section\" data-settings=\"{&quot;animation&quot;:&quot;fadeInUp&quot;}\">\n\t\t\t\t\t\t<div class=\"elementor-container elementor-column-gap-no\">\n\t\t\t\t\t<div class=\"elementor-column elementor-col-100 elementor-inner-column elementor-element elementor-element-80368aa\" data-id=\"80368aa\" data-element_type=\"column\">\n\t\t\t<div class=\"elementor-widget-wrap elementor-element-populated\">\n\t\t\t\t\t\t<div class=\"elementor-element elementor-element-5508941 elementor-widget elementor-widget-text-editor\" data-id=\"5508941\" data-element_type=\"widget\" data-widget_type=\"text-editor.default\">\n\t\t\t\t<div class=\"elementor-widget-container\">\n\t\t\t\t\t\t\t\t\tWe are known for providing excellent service and support throughout the design stage, we also respond to the growing need in recent times to provide well-being for employees in their workplaces, thus achieving greater retention of talent. \n\t\t\t\t\t\t\t\t<\/div>\n\t\t\t\t<\/div>\n\t\t\t\t\t<\/div>\n\t\t<\/div>\n\t\t\t\t\t<\/div>\n\t\t<\/section>\n\t\t\t\t\t<\/div>\n\t\t<\/div>\n\t\t\t\t\t<\/div>\n\t\t<\/section>\n\t\t\t\t<section data-particle_enable=\"false\" data-particle-mobile-disabled=\"false\" class=\"elementor-section elementor-top-section elementor-element elementor-element-d9c2475 elementor-section-boxed elementor-section-height-default elementor-section-height-default\" data-id=\"d9c2475\" data-element_type=\"section\">\n\t\t\t\t\t\t<div class=\"elementor-container elementor-column-gap-no\">\n\t\t\t\t\t<div class=\"elementor-column elementor-col-100 elementor-top-column elementor-element elementor-element-02a6f93\" data-id=\"02a6f93\" data-element_type=\"column\">\n\t\t\t<div class=\"elementor-widget-wrap elementor-element-populated\">\n\t\t\t\t\t\t<div class=\"elementor-element elementor-element-5066631 animated-slow elementor-invisible elementor-widget elementor-widget-heading\" data-id=\"5066631\" data-element_type=\"widget\" data-settings=\"{&quot;_animation&quot;:&quot;fadeInUp&quot;}\" data-widget_type=\"heading.default\">\n\t\t\t\t<div class=\"elementor-widget-container\">\n\t\t\t\t\t<h2 class=\"elementor-heading-title elementor-size-default\">They trusted us<\/h2>\t\t\t\t<\/div>\n\t\t\t\t<\/div>\n\t\t\t\t<div class=\"elementor-element elementor-element-044bde5 animated-slow elementor-invisible elementor-widget elementor-widget-heading\" data-id=\"044bde5\" data-element_type=\"widget\" data-settings=\"{&quot;_animation&quot;:&quot;fadeInUp&quot;}\" data-widget_type=\"heading.default\">\n\t\t\t\t<div class=\"elementor-widget-container\">\n\t\t\t\t\t<h2 class=\"elementor-heading-title elementor-size-default\">Customers and business partners \n\n<\/h2>\t\t\t\t<\/div>\n\t\t\t\t<\/div>\n\t\t\t\t<div class=\"elementor-element elementor-element-04a9ac3 elementor-invisible elementor-widget elementor-widget-image\" data-id=\"04a9ac3\" data-element_type=\"widget\" data-settings=\"{&quot;_animation&quot;:&quot;fadeInUp&quot;}\" data-widget_type=\"image.default\">\n\t\t\t\t<div class=\"elementor-widget-container\">\n\t\t\t\t\t\t\t\t\t\t\t\t\t\t\t<img decoding=\"async\" width=\"953\" height=\"649\" src=\"https:\/\/panelteconline.com\/wp-content\/uploads\/2021\/08\/Screen-Shot-2021-08-03-at-5_edited.webp\" class=\"attachment-large size-large wp-image-222\" alt=\"\" srcset=\"https:\/\/panelteconline.com\/wp-content\/uploads\/2021\/08\/Screen-Shot-2021-08-03-at-5_edited.webp 953w, https:\/\/panelteconline.com\/wp-content\/uploads\/2021\/08\/Screen-Shot-2021-08-03-at-5_edited-300x204.webp 300w, https:\/\/panelteconline.com\/wp-content\/uploads\/2021\/08\/Screen-Shot-2021-08-03-at-5_edited-768x523.webp 768w\" sizes=\"(max-width: 953px) 100vw, 953px\" \/>\t\t\t\t\t\t\t\t\t\t\t\t\t\t\t<\/div>\n\t\t\t\t<\/div>\n\t\t\t\t\t<\/div>\n\t\t<\/div>\n\t\t\t\t\t<\/div>\n\t\t<\/section>\n\t\t\t\t<\/div>","protected":false},"excerpt":{"rendered":"<p>NOSOTROS Nuestra Historia Nuestra empresa cuenta con m\u00e1s de 25 a\u00f1os de experiencia brindando soluciones integrales para nuestros clientes en el dise\u00f1o de sus espacios de trabajo. Ofrecemos mobiliario de alta calidad y de las marcas m\u00e1s reconocidas a nivel mundial. Contacto Nos caracterizamos por dar un excelente servicio y acompa\u00f1amiento durante toda la etapa [&hellip;]<\/p>","protected":false},"author":2,"featured_media":0,"parent":0,"menu_order":0,"comment_status":"closed","ping_status":"closed","template":"","meta":{"site-sidebar-layout":"no-sidebar","site-content-layout":"page-builder","ast-site-content-layout":"default","site-content-style":"default","site-sidebar-style":"default","ast-global-header-display":"","ast-banner-title-visibility":"","ast-main-header-display":"","ast-hfb-above-header-display":"","ast-hfb-below-header-display":"","ast-hfb-mobile-header-display":"","site-post-title":"disabled","ast-breadcrumbs-content":"","ast-featured-img":"disabled","footer-sml-layout":"","theme-transparent-header-meta":"default","adv-header-id-meta":"","stick-header-meta":"default","header-above-stick-meta":"","header-main-stick-meta":"","header-below-stick-meta":"","astra-migrate-meta-layouts":"default","ast-page-background-enabled":"default","ast-page-background-meta":{"desktop":{"background-color":"var(--ast-global-color-4)","background-image":"","background-repeat":"repeat","background-position":"center center","background-size":"auto","background-attachment":"scroll","background-type":"","background-media":"","overlay-type":"","overlay-color":"","overlay-opacity":"","overlay-gradient":""},"tablet":{"background-color":"","background-image":"","background-repeat":"repeat","background-position":"center center","background-size":"auto","background-attachment":"scroll","background-type":"","background-media":"","overlay-type":"","overlay-color":"","overlay-opacity":"","overlay-gradient":""},"mobile":{"background-color":"","background-image":"","background-repeat":"repeat","background-position":"center center","background-size":"auto","background-attachment":"scroll","background-type":"","background-media":"","overlay-type":"","overlay-color":"","overlay-opacity":"","overlay-gradient":""}},"ast-content-background-meta":{"desktop":{"background-color":"var(--ast-global-color-5)","background-image":"","background-repeat":"repeat","background-position":"center center","background-size":"auto","background-attachment":"scroll","background-type":"","background-media":"","overlay-type":"","overlay-color":"","overlay-opacity":"","overlay-gradient":""},"tablet":{"background-color":"var(--ast-global-color-5)","background-image":"","background-repeat":"repeat","background-position":"center center","background-size":"auto","background-attachment":"scroll","background-type":"","background-media":"","overlay-type":"","overlay-color":"","overlay-opacity":"","overlay-gradient":""},"mobile":{"background-color":"var(--ast-global-color-5)","background-image":"","background-repeat":"repeat","background-position":"center center","background-size":"auto","background-attachment":"scroll","background-type":"","background-media":"","overlay-type":"","overlay-color":"","overlay-opacity":"","overlay-gradient":""}},"footnotes":""},"class_list":["post-166","page","type-page","status-publish","hentry"],"yoast_head":"<!-- This site is optimized with the Yoast SEO plugin v25.9 - https:\/\/yoast.com\/wordpress\/plugins\/seo\/ -->\n<title>\u00bfQui\u00e9nes Somos? - Paneltec<\/title>\n<meta name=\"robots\" content=\"index, follow, max-snippet:-1, max-image-preview:large, max-video-preview:-1\" \/>\n<link rel=\"canonical\" href=\"https:\/\/panelteconline.com\/en\/quienes-somos\/\" \/>\n<meta property=\"og:locale\" content=\"en_US\" \/>\n<meta property=\"og:type\" content=\"article\" \/>\n<meta property=\"og:title\" content=\"\u00bfQui\u00e9nes Somos? - Paneltec\" \/>\n<meta property=\"og:description\" content=\"NOSOTROS Nuestra Historia Nuestra empresa cuenta con m\u00e1s de 25 a\u00f1os de experiencia brindando soluciones integrales para nuestros clientes en el dise\u00f1o de sus espacios de trabajo. Ofrecemos mobiliario de alta calidad y de las marcas m\u00e1s reconocidas a nivel mundial. Contacto Nos caracterizamos por dar un excelente servicio y acompa\u00f1amiento durante toda la etapa [&hellip;]\" \/>\n<meta property=\"og:url\" content=\"https:\/\/panelteconline.com\/en\/quienes-somos\/\" \/>\n<meta property=\"og:site_name\" content=\"Paneltec\" \/>\n<meta property=\"article:modified_time\" content=\"2023-04-05T16:25:14+00:00\" \/>\n<meta property=\"og:image\" content=\"https:\/\/panelteconline.com\/wp-content\/uploads\/2021\/08\/Screen-Shot-2021-08-02-at-22_10_08-min.webp\" \/>\n<meta name=\"twitter:card\" content=\"summary_large_image\" \/>\n<meta name=\"twitter:label1\" content=\"Est. reading time\" \/>\n\t<meta name=\"twitter:data1\" content=\"2 minutes\" \/>\n<script type=\"application\/ld+json\" class=\"yoast-schema-graph\">{\"@context\":\"https:\/\/schema.org\",\"@graph\":[{\"@type\":\"WebPage\",\"@id\":\"https:\/\/panelteconline.com\/quienes-somos\/\",\"url\":\"https:\/\/panelteconline.com\/quienes-somos\/\",\"name\":\"\u00bfQui\u00e9nes Somos? - Paneltec\",\"isPartOf\":{\"@id\":\"https:\/\/panelteconline.com\/#website\"},\"primaryImageOfPage\":{\"@id\":\"https:\/\/panelteconline.com\/quienes-somos\/#primaryimage\"},\"image\":{\"@id\":\"https:\/\/panelteconline.com\/quienes-somos\/#primaryimage\"},\"thumbnailUrl\":\"https:\/\/panelteconline.com\/wp-content\/uploads\/2021\/08\/Screen-Shot-2021-08-02-at-22_10_08-min.webp\",\"datePublished\":\"2021-08-12T15:05:12+00:00\",\"dateModified\":\"2023-04-05T16:25:14+00:00\",\"breadcrumb\":{\"@id\":\"https:\/\/panelteconline.com\/quienes-somos\/#breadcrumb\"},\"inLanguage\":\"en-US\",\"potentialAction\":[{\"@type\":\"ReadAction\",\"target\":[\"https:\/\/panelteconline.com\/quienes-somos\/\"]}]},{\"@type\":\"ImageObject\",\"inLanguage\":\"en-US\",\"@id\":\"https:\/\/panelteconline.com\/quienes-somos\/#primaryimage\",\"url\":\"https:\/\/panelteconline.com\/wp-content\/uploads\/2021\/08\/Screen-Shot-2021-08-02-at-22_10_08-min.webp\",\"contentUrl\":\"https:\/\/panelteconline.com\/wp-content\/uploads\/2021\/08\/Screen-Shot-2021-08-02-at-22_10_08-min.webp\"},{\"@type\":\"BreadcrumbList\",\"@id\":\"https:\/\/panelteconline.com\/quienes-somos\/#breadcrumb\",\"itemListElement\":[{\"@type\":\"ListItem\",\"position\":1,\"name\":\"Portada\",\"item\":\"https:\/\/panelteconline.com\/\"},{\"@type\":\"ListItem\",\"position\":2,\"name\":\"\u00bfQui\u00e9nes Somos?\"}]},{\"@type\":\"WebSite\",\"@id\":\"https:\/\/panelteconline.com\/#website\",\"url\":\"https:\/\/panelteconline.com\/\",\"name\":\"Paneltec\",\"description\":\"\",\"publisher\":{\"@id\":\"https:\/\/panelteconline.com\/#organization\"},\"potentialAction\":[{\"@type\":\"SearchAction\",\"target\":{\"@type\":\"EntryPoint\",\"urlTemplate\":\"https:\/\/panelteconline.com\/?s={search_term_string}\"},\"query-input\":{\"@type\":\"PropertyValueSpecification\",\"valueRequired\":true,\"valueName\":\"search_term_string\"}}],\"inLanguage\":\"en-US\"},{\"@type\":\"Organization\",\"@id\":\"https:\/\/panelteconline.com\/#organization\",\"name\":\"Paneltec\",\"url\":\"https:\/\/panelteconline.com\/\",\"logo\":{\"@type\":\"ImageObject\",\"inLanguage\":\"en-US\",\"@id\":\"https:\/\/panelteconline.com\/#\/schema\/logo\/image\/\",\"url\":\"https:\/\/panelteconline.com\/wp-content\/uploads\/2021\/08\/logo-Paneltec-nuevo.png\",\"contentUrl\":\"https:\/\/panelteconline.com\/wp-content\/uploads\/2021\/08\/logo-Paneltec-nuevo.png\",\"width\":5272,\"height\":992,\"caption\":\"Paneltec\"},\"image\":{\"@id\":\"https:\/\/panelteconline.com\/#\/schema\/logo\/image\/\"}}]}<\/script>\n<!-- \/ Yoast SEO plugin. -->","yoast_head_json":{"title":"\u00bfQui\u00e9nes Somos? - Paneltec","robots":{"index":"index","follow":"follow","max-snippet":"max-snippet:-1","max-image-preview":"max-image-preview:large","max-video-preview":"max-video-preview:-1"},"canonical":"https:\/\/panelteconline.com\/en\/quienes-somos\/","og_locale":"en_US","og_type":"article","og_title":"\u00bfQui\u00e9nes Somos? - Paneltec","og_description":"NOSOTROS Nuestra Historia Nuestra empresa cuenta con m\u00e1s de 25 a\u00f1os de experiencia brindando soluciones integrales para nuestros clientes en el dise\u00f1o de sus espacios de trabajo. Ofrecemos mobiliario de alta calidad y de las marcas m\u00e1s reconocidas a nivel mundial. Contacto Nos caracterizamos por dar un excelente servicio y acompa\u00f1amiento durante toda la etapa [&hellip;]","og_url":"https:\/\/panelteconline.com\/en\/quienes-somos\/","og_site_name":"Paneltec","article_modified_time":"2023-04-05T16:25:14+00:00","og_image":[{"url":"https:\/\/panelteconline.com\/wp-content\/uploads\/2021\/08\/Screen-Shot-2021-08-02-at-22_10_08-min.webp","type":"","width":"","height":""}],"twitter_card":"summary_large_image","twitter_misc":{"Est. reading time":"2 minutes"},"schema":{"@context":"https:\/\/schema.org","@graph":[{"@type":"WebPage","@id":"https:\/\/panelteconline.com\/quienes-somos\/","url":"https:\/\/panelteconline.com\/quienes-somos\/","name":"\u00bfQui\u00e9nes Somos? - Paneltec","isPartOf":{"@id":"https:\/\/panelteconline.com\/#website"},"primaryImageOfPage":{"@id":"https:\/\/panelteconline.com\/quienes-somos\/#primaryimage"},"image":{"@id":"https:\/\/panelteconline.com\/quienes-somos\/#primaryimage"},"thumbnailUrl":"https:\/\/panelteconline.com\/wp-content\/uploads\/2021\/08\/Screen-Shot-2021-08-02-at-22_10_08-min.webp","datePublished":"2021-08-12T15:05:12+00:00","dateModified":"2023-04-05T16:25:14+00:00","breadcrumb":{"@id":"https:\/\/panelteconline.com\/quienes-somos\/#breadcrumb"},"inLanguage":"en-US","potentialAction":[{"@type":"ReadAction","target":["https:\/\/panelteconline.com\/quienes-somos\/"]}]},{"@type":"ImageObject","inLanguage":"en-US","@id":"https:\/\/panelteconline.com\/quienes-somos\/#primaryimage","url":"https:\/\/panelteconline.com\/wp-content\/uploads\/2021\/08\/Screen-Shot-2021-08-02-at-22_10_08-min.webp","contentUrl":"https:\/\/panelteconline.com\/wp-content\/uploads\/2021\/08\/Screen-Shot-2021-08-02-at-22_10_08-min.webp"},{"@type":"BreadcrumbList","@id":"https:\/\/panelteconline.com\/quienes-somos\/#breadcrumb","itemListElement":[{"@type":"ListItem","position":1,"name":"Portada","item":"https:\/\/panelteconline.com\/"},{"@type":"ListItem","position":2,"name":"\u00bfQui\u00e9nes Somos?"}]},{"@type":"WebSite","@id":"https:\/\/panelteconline.com\/#website","url":"https:\/\/panelteconline.com\/","name":"Paneltec","description":"","publisher":{"@id":"https:\/\/panelteconline.com\/#organization"},"potentialAction":[{"@type":"SearchAction","target":{"@type":"EntryPoint","urlTemplate":"https:\/\/panelteconline.com\/?s={search_term_string}"},"query-input":{"@type":"PropertyValueSpecification","valueRequired":true,"valueName":"search_term_string"}}],"inLanguage":"en-US"},{"@type":"Organization","@id":"https:\/\/panelteconline.com\/#organization","name":"Paneltec","url":"https:\/\/panelteconline.com\/","logo":{"@type":"ImageObject","inLanguage":"en-US","@id":"https:\/\/panelteconline.com\/#\/schema\/logo\/image\/","url":"https:\/\/panelteconline.com\/wp-content\/uploads\/2021\/08\/logo-Paneltec-nuevo.png","contentUrl":"https:\/\/panelteconline.com\/wp-content\/uploads\/2021\/08\/logo-Paneltec-nuevo.png","width":5272,"height":992,"caption":"Paneltec"},"image":{"@id":"https:\/\/panelteconline.com\/#\/schema\/logo\/image\/"}}]}},"_links":{"self":[{"href":"https:\/\/panelteconline.com\/en\/wp-json\/wp\/v2\/pages\/166","targetHints":{"allow":["GET"]}}],"collection":[{"href":"https:\/\/panelteconline.com\/en\/wp-json\/wp\/v2\/pages"}],"about":[{"href":"https:\/\/panelteconline.com\/en\/wp-json\/wp\/v2\/types\/page"}],"author":[{"embeddable":true,"href":"https:\/\/panelteconline.com\/en\/wp-json\/wp\/v2\/users\/2"}],"replies":[{"embeddable":true,"href":"https:\/\/panelteconline.com\/en\/wp-json\/wp\/v2\/comments?post=166"}],"version-history":[{"count":98,"href":"https:\/\/panelteconline.com\/en\/wp-json\/wp\/v2\/pages\/166\/revisions"}],"predecessor-version":[{"id":3043,"href":"https:\/\/panelteconline.com\/en\/wp-json\/wp\/v2\/pages\/166\/revisions\/3043"}],"wp:attachment":[{"href":"https:\/\/panelteconline.com\/en\/wp-json\/wp\/v2\/media?parent=166"}],"curies":[{"name":"wp","href":"https:\/\/api.w.org\/{rel}","templated":true}]}}