{"id":1368,"date":"2021-08-17T20:54:59","date_gmt":"2021-08-17T20:54:59","guid":{"rendered":"https:\/\/panelteconline.com\/?page_id=1368"},"modified":"2021-08-27T20:14:31","modified_gmt":"2021-08-27T20:14:31","slug":"snowsound-paneles-acusticos","status":"publish","type":"page","link":"https:\/\/panelteconline.com\/en\/cerramientos-paneleria\/snowsound-paneles-acusticos\/","title":{"rendered":"Snowsound \u2013 P\u00e1neles Ac\u00fasticos"},"content":{"rendered":"<div data-elementor-type=\"wp-page\" data-elementor-id=\"1368\" class=\"elementor elementor-1368\" data-elementor-post-type=\"page\">\n\t\t\t\t\t\t<section data-particle_enable=\"false\" data-particle-mobile-disabled=\"false\" class=\"elementor-section elementor-top-section elementor-element elementor-element-91e3d07 elementor-section-full_width elementor-section-height-default elementor-section-height-default\" data-id=\"91e3d07\" data-element_type=\"section\">\n\t\t\t\t\t\t<div class=\"elementor-container elementor-column-gap-no\">\n\t\t\t\t\t<div class=\"elementor-column elementor-col-100 elementor-top-column elementor-element elementor-element-3e9fe16\" data-id=\"3e9fe16\" data-element_type=\"column\">\n\t\t\t<div class=\"elementor-widget-wrap elementor-element-populated\">\n\t\t\t\t\t\t<div class=\"elementor-element elementor-element-c22fe8d elementor-invisible elementor-widget elementor-widget-heading\" data-id=\"c22fe8d\" data-element_type=\"widget\" data-settings=\"{&quot;_animation&quot;:&quot;fadeInUp&quot;}\" data-widget_type=\"heading.default\">\n\t\t\t\t<div class=\"elementor-widget-container\">\n\t\t\t\t\t<h2 class=\"elementor-heading-title elementor-size-default\">Snowsound - P\u00e1neles Ac\u00fasticos<\/h2>\t\t\t\t<\/div>\n\t\t\t\t<\/div>\n\t\t\t\t<div class=\"elementor-element elementor-element-009e576 elementor-widget elementor-widget-gallery\" data-id=\"009e576\" data-element_type=\"widget\" data-settings=\"{&quot;columns&quot;:3,&quot;columns_mobile&quot;:2,&quot;lazyload&quot;:&quot;yes&quot;,&quot;gallery_layout&quot;:&quot;grid&quot;,&quot;columns_tablet&quot;:2,&quot;gap&quot;:{&quot;unit&quot;:&quot;px&quot;,&quot;size&quot;:10,&quot;sizes&quot;:[]},&quot;gap_tablet&quot;:{&quot;unit&quot;:&quot;px&quot;,&quot;size&quot;:10,&quot;sizes&quot;:[]},&quot;gap_mobile&quot;:{&quot;unit&quot;:&quot;px&quot;,&quot;size&quot;:10,&quot;sizes&quot;:[]},&quot;link_to&quot;:&quot;file&quot;,&quot;aspect_ratio&quot;:&quot;3:2&quot;,&quot;content_hover_animation&quot;:&quot;fade-in&quot;}\" data-widget_type=\"gallery.default\">\n\t\t\t\t<div class=\"elementor-widget-container\">\n\t\t\t\t\t\t\t<div class=\"elementor-gallery__container\">\n\t\t\t\t\t\t\t<a class=\"e-gallery-item elementor-gallery-item elementor-animated-content\" href=\"https:\/\/panelteconline.com\/wp-content\/uploads\/2021\/08\/3-Dunes_Office-scaled-1.jpg\" data-elementor-open-lightbox=\"yes\" data-elementor-lightbox-slideshow=\"009e576\" data-elementor-lightbox-title=\"Snowsound - P\u00e1neles Ac\u00fasticos\u200b\" data-e-action-hash=\"#elementor-action%3Aaction%3Dlightbox%26settings%3DeyJpZCI6MTQxOCwidXJsIjoiaHR0cHM6XC9cL3BhbmVsdGVjb25saW5lLmNvbVwvd3AtY29udGVudFwvdXBsb2Fkc1wvMjAyMVwvMDhcLzMtRHVuZXNfT2ZmaWNlLXNjYWxlZC0xLmpwZyIsInNsaWRlc2hvdyI6IjAwOWU1NzYifQ%3D%3D\">\n\t\t\t\t\t<div class=\"e-gallery-image elementor-gallery-item__image\" data-thumbnail=\"https:\/\/panelteconline.com\/wp-content\/uploads\/2021\/08\/3-Dunes_Office-scaled-1-768x431.jpg\" data-width=\"768\" data-height=\"431\" aria-label=\"\" role=\"img\" ><\/div>\n\t\t\t\t\t\t\t\t\t\t\t\t\t\t<\/a>\n\t\t\t\t\t\t\t<a class=\"e-gallery-item elementor-gallery-item elementor-animated-content\" href=\"https:\/\/panelteconline.com\/wp-content\/uploads\/2021\/08\/IMG4-_7313-web-1170x780-1.jpg\" data-elementor-open-lightbox=\"yes\" data-elementor-lightbox-slideshow=\"009e576\" data-elementor-lightbox-title=\"Snowsound - P\u00e1neles Ac\u00fasticos\u200b\" data-e-action-hash=\"#elementor-action%3Aaction%3Dlightbox%26settings%3DeyJpZCI6MTQxOSwidXJsIjoiaHR0cHM6XC9cL3BhbmVsdGVjb25saW5lLmNvbVwvd3AtY29udGVudFwvdXBsb2Fkc1wvMjAyMVwvMDhcL0lNRzQtXzczMTMtd2ViLTExNzB4NzgwLTEuanBnIiwic2xpZGVzaG93IjoiMDA5ZTU3NiJ9\">\n\t\t\t\t\t<div class=\"e-gallery-image elementor-gallery-item__image\" data-thumbnail=\"https:\/\/panelteconline.com\/wp-content\/uploads\/2021\/08\/IMG4-_7313-web-1170x780-1-768x512.jpg\" data-width=\"768\" data-height=\"512\" aria-label=\"\" role=\"img\" ><\/div>\n\t\t\t\t\t\t\t\t\t\t\t\t\t\t<\/a>\n\t\t\t\t\t\t\t<a class=\"e-gallery-item elementor-gallery-item elementor-animated-content\" href=\"https:\/\/panelteconline.com\/wp-content\/uploads\/2021\/08\/Page3Image2FLAP.jpg\" data-elementor-open-lightbox=\"yes\" data-elementor-lightbox-slideshow=\"009e576\" data-elementor-lightbox-title=\"Snowsound - P\u00e1neles Ac\u00fasticos\u200b\" data-e-action-hash=\"#elementor-action%3Aaction%3Dlightbox%26settings%3DeyJpZCI6MTQyMCwidXJsIjoiaHR0cHM6XC9cL3BhbmVsdGVjb25saW5lLmNvbVwvd3AtY29udGVudFwvdXBsb2Fkc1wvMjAyMVwvMDhcL1BhZ2UzSW1hZ2UyRkxBUC5qcGciLCJzbGlkZXNob3ciOiIwMDllNTc2In0%3D\">\n\t\t\t\t\t<div class=\"e-gallery-image elementor-gallery-item__image\" data-thumbnail=\"https:\/\/panelteconline.com\/wp-content\/uploads\/2021\/08\/Page3Image2FLAP-768x325.jpg\" data-width=\"768\" data-height=\"325\" aria-label=\"\" role=\"img\" ><\/div>\n\t\t\t\t\t\t\t\t\t\t\t\t\t\t<\/a>\n\t\t\t\t\t\t\t<a class=\"e-gallery-item elementor-gallery-item elementor-animated-content\" href=\"https:\/\/panelteconline.com\/wp-content\/uploads\/2021\/08\/Screen-Shot-2021-06-15-at-22.37.58.png\" data-elementor-open-lightbox=\"yes\" data-elementor-lightbox-slideshow=\"009e576\" data-elementor-lightbox-title=\"Snowsound - P\u00e1neles Ac\u00fasticos\u200b\" data-e-action-hash=\"#elementor-action%3Aaction%3Dlightbox%26settings%3DeyJpZCI6MTQyMSwidXJsIjoiaHR0cHM6XC9cL3BhbmVsdGVjb25saW5lLmNvbVwvd3AtY29udGVudFwvdXBsb2Fkc1wvMjAyMVwvMDhcL1NjcmVlbi1TaG90LTIwMjEtMDYtMTUtYXQtMjIuMzcuNTgucG5nIiwic2xpZGVzaG93IjoiMDA5ZTU3NiJ9\">\n\t\t\t\t\t<div class=\"e-gallery-image elementor-gallery-item__image\" data-thumbnail=\"https:\/\/panelteconline.com\/wp-content\/uploads\/2021\/08\/Screen-Shot-2021-06-15-at-22.37.58-768x422.png\" data-width=\"768\" data-height=\"422\" aria-label=\"\" role=\"img\" ><\/div>\n\t\t\t\t\t\t\t\t\t\t\t\t\t\t<\/a>\n\t\t\t\t\t\t\t<a class=\"e-gallery-item elementor-gallery-item elementor-animated-content\" href=\"https:\/\/panelteconline.com\/wp-content\/uploads\/2021\/08\/sn1.jpeg\" data-elementor-open-lightbox=\"yes\" data-elementor-lightbox-slideshow=\"009e576\" data-elementor-lightbox-title=\"Snowsound - P\u00e1neles Ac\u00fasticos\u200b\" data-e-action-hash=\"#elementor-action%3Aaction%3Dlightbox%26settings%3DeyJpZCI6MTQyMiwidXJsIjoiaHR0cHM6XC9cL3BhbmVsdGVjb25saW5lLmNvbVwvd3AtY29udGVudFwvdXBsb2Fkc1wvMjAyMVwvMDhcL3NuMS5qcGVnIiwic2xpZGVzaG93IjoiMDA5ZTU3NiJ9\">\n\t\t\t\t\t<div class=\"e-gallery-image elementor-gallery-item__image\" data-thumbnail=\"https:\/\/panelteconline.com\/wp-content\/uploads\/2021\/08\/sn1-768x457.jpeg\" data-width=\"768\" data-height=\"457\" aria-label=\"\" role=\"img\" ><\/div>\n\t\t\t\t\t\t\t\t\t\t\t\t\t\t<\/a>\n\t\t\t\t\t\t\t<a class=\"e-gallery-item elementor-gallery-item elementor-animated-content\" href=\"https:\/\/panelteconline.com\/wp-content\/uploads\/2021\/08\/sn2.jpeg\" data-elementor-open-lightbox=\"yes\" data-elementor-lightbox-slideshow=\"009e576\" data-elementor-lightbox-title=\"Snowsound - P\u00e1neles Ac\u00fasticos\u200b\" data-e-action-hash=\"#elementor-action%3Aaction%3Dlightbox%26settings%3DeyJpZCI6MTQyMywidXJsIjoiaHR0cHM6XC9cL3BhbmVsdGVjb25saW5lLmNvbVwvd3AtY29udGVudFwvdXBsb2Fkc1wvMjAyMVwvMDhcL3NuMi5qcGVnIiwic2xpZGVzaG93IjoiMDA5ZTU3NiJ9\">\n\t\t\t\t\t<div class=\"e-gallery-image elementor-gallery-item__image\" data-thumbnail=\"https:\/\/panelteconline.com\/wp-content\/uploads\/2021\/08\/sn2-768x431.jpeg\" data-width=\"768\" data-height=\"431\" aria-label=\"\" role=\"img\" ><\/div>\n\t\t\t\t\t\t\t\t\t\t\t\t\t\t<\/a>\n\t\t\t\t\t\t\t<a class=\"e-gallery-item elementor-gallery-item elementor-animated-content\" href=\"https:\/\/panelteconline.com\/wp-content\/uploads\/2021\/08\/sn3.jpeg\" data-elementor-open-lightbox=\"yes\" data-elementor-lightbox-slideshow=\"009e576\" data-elementor-lightbox-title=\"Snowsound - P\u00e1neles Ac\u00fasticos\u200b\" data-e-action-hash=\"#elementor-action%3Aaction%3Dlightbox%26settings%3DeyJpZCI6MTQyNCwidXJsIjoiaHR0cHM6XC9cL3BhbmVsdGVjb25saW5lLmNvbVwvd3AtY29udGVudFwvdXBsb2Fkc1wvMjAyMVwvMDhcL3NuMy5qcGVnIiwic2xpZGVzaG93IjoiMDA5ZTU3NiJ9\">\n\t\t\t\t\t<div class=\"e-gallery-image elementor-gallery-item__image\" data-thumbnail=\"https:\/\/panelteconline.com\/wp-content\/uploads\/2021\/08\/sn3-768x913.jpeg\" data-width=\"768\" data-height=\"913\" aria-label=\"\" role=\"img\" ><\/div>\n\t\t\t\t\t\t\t\t\t\t\t\t\t\t<\/a>\n\t\t\t\t\t\t\t<a class=\"e-gallery-item elementor-gallery-item elementor-animated-content\" href=\"https:\/\/panelteconline.com\/wp-content\/uploads\/2021\/08\/sn4.jpeg\" data-elementor-open-lightbox=\"yes\" data-elementor-lightbox-slideshow=\"009e576\" data-elementor-lightbox-title=\"Snowsound - P\u00e1neles Ac\u00fasticos\u200b\" data-e-action-hash=\"#elementor-action%3Aaction%3Dlightbox%26settings%3DeyJpZCI6MTQyNSwidXJsIjoiaHR0cHM6XC9cL3BhbmVsdGVjb25saW5lLmNvbVwvd3AtY29udGVudFwvdXBsb2Fkc1wvMjAyMVwvMDhcL3NuNC5qcGVnIiwic2xpZGVzaG93IjoiMDA5ZTU3NiJ9\">\n\t\t\t\t\t<div class=\"e-gallery-image elementor-gallery-item__image\" data-thumbnail=\"https:\/\/panelteconline.com\/wp-content\/uploads\/2021\/08\/sn4-768x432.jpeg\" data-width=\"768\" data-height=\"432\" aria-label=\"\" role=\"img\" ><\/div>\n\t\t\t\t\t\t\t\t\t\t\t\t\t\t<\/a>\n\t\t\t\t\t\t\t<a class=\"e-gallery-item elementor-gallery-item elementor-animated-content\" href=\"https:\/\/panelteconline.com\/wp-content\/uploads\/2021\/08\/sn6.jpeg\" data-elementor-open-lightbox=\"yes\" data-elementor-lightbox-slideshow=\"009e576\" data-elementor-lightbox-title=\"Snowsound - P\u00e1neles Ac\u00fasticos\u200b\" data-e-action-hash=\"#elementor-action%3Aaction%3Dlightbox%26settings%3DeyJpZCI6MTQyNiwidXJsIjoiaHR0cHM6XC9cL3BhbmVsdGVjb25saW5lLmNvbVwvd3AtY29udGVudFwvdXBsb2Fkc1wvMjAyMVwvMDhcL3NuNi5qcGVnIiwic2xpZGVzaG93IjoiMDA5ZTU3NiJ9\">\n\t\t\t\t\t<div class=\"e-gallery-image elementor-gallery-item__image\" data-thumbnail=\"https:\/\/panelteconline.com\/wp-content\/uploads\/2021\/08\/sn6-768x768.jpeg\" data-width=\"768\" data-height=\"768\" aria-label=\"\" role=\"img\" ><\/div>\n\t\t\t\t\t\t\t\t\t\t\t\t\t\t<\/a>\n\t\t\t\t\t<\/div>\n\t\t\t\t\t<\/div>\n\t\t\t\t<\/div>\n\t\t\t\t\t<\/div>\n\t\t<\/div>\n\t\t\t\t\t<\/div>\n\t\t<\/section>\n\t\t\t\t<\/div>","protected":false},"excerpt":{"rendered":"<p>Snowsound &#8211; P\u00e1neles Ac\u00fasticos<\/p>","protected":false},"author":2,"featured_media":0,"parent":365,"menu_order":0,"comment_status":"closed","ping_status":"closed","template":"","meta":{"site-sidebar-layout":"no-sidebar","site-content-layout":"page-builder","ast-site-content-layout":"default","site-content-style":"default","site-sidebar-style":"default","ast-global-header-display":"","ast-banner-title-visibility":"","ast-main-header-display":"","ast-hfb-above-header-display":"","ast-hfb-below-header-display":"","ast-hfb-mobile-header-display":"","site-post-title":"disabled","ast-breadcrumbs-content":"","ast-featured-img":"disabled","footer-sml-layout":"","theme-transparent-header-meta":"default","adv-header-id-meta":"","stick-header-meta":"default","header-above-stick-meta":"","header-main-stick-meta":"","header-below-stick-meta":"","astra-migrate-meta-layouts":"default","ast-page-background-enabled":"default","ast-page-background-meta":{"desktop":{"background-color":"var(--ast-global-color-4)","background-image":"","background-repeat":"repeat","background-position":"center center","background-size":"auto","background-attachment":"scroll","background-type":"","background-media":"","overlay-type":"","overlay-color":"","overlay-opacity":"","overlay-gradient":""},"tablet":{"background-color":"","background-image":"","background-repeat":"repeat","background-position":"center center","background-size":"auto","background-attachment":"scroll","background-type":"","background-media":"","overlay-type":"","overlay-color":"","overlay-opacity":"","overlay-gradient":""},"mobile":{"background-color":"","background-image":"","background-repeat":"repeat","background-position":"center center","background-size":"auto","background-attachment":"scroll","background-type":"","background-media":"","overlay-type":"","overlay-color":"","overlay-opacity":"","overlay-gradient":""}},"ast-content-background-meta":{"desktop":{"background-color":"var(--ast-global-color-5)","background-image":"","background-repeat":"repeat","background-position":"center center","background-size":"auto","background-attachment":"scroll","background-type":"","background-media":"","overlay-type":"","overlay-color":"","overlay-opacity":"","overlay-gradient":""},"tablet":{"background-color":"var(--ast-global-color-5)","background-image":"","background-repeat":"repeat","background-position":"center center","background-size":"auto","background-attachment":"scroll","background-type":"","background-media":"","overlay-type":"","overlay-color":"","overlay-opacity":"","overlay-gradient":""},"mobile":{"background-color":"var(--ast-global-color-5)","background-image":"","background-repeat":"repeat","background-position":"center center","background-size":"auto","background-attachment":"scroll","background-type":"","background-media":"","overlay-type":"","overlay-color":"","overlay-opacity":"","overlay-gradient":""}},"footnotes":""},"class_list":["post-1368","page","type-page","status-publish","hentry"],"yoast_head":"<!-- This site is optimized with the Yoast SEO plugin v25.9 - https:\/\/yoast.com\/wordpress\/plugins\/seo\/ -->\n<title>Snowsound \u2013 P\u00e1neles Ac\u00fasticos - Paneltec<\/title>\n<meta name=\"robots\" content=\"index, follow, max-snippet:-1, max-image-preview:large, max-video-preview:-1\" \/>\n<link rel=\"canonical\" href=\"https:\/\/panelteconline.com\/en\/cerramientos-paneleria\/snowsound-paneles-acusticos\/\" \/>\n<meta property=\"og:locale\" content=\"en_US\" \/>\n<meta property=\"og:type\" content=\"article\" \/>\n<meta property=\"og:title\" content=\"Snowsound \u2013 P\u00e1neles Ac\u00fasticos - Paneltec\" \/>\n<meta property=\"og:description\" content=\"Snowsound &#8211; P\u00e1neles Ac\u00fasticos\" \/>\n<meta property=\"og:url\" content=\"https:\/\/panelteconline.com\/en\/cerramientos-paneleria\/snowsound-paneles-acusticos\/\" \/>\n<meta property=\"og:site_name\" content=\"Paneltec\" \/>\n<meta property=\"article:modified_time\" content=\"2021-08-27T20:14:31+00:00\" \/>\n<meta name=\"twitter:card\" content=\"summary_large_image\" \/>\n<script type=\"application\/ld+json\" class=\"yoast-schema-graph\">{\"@context\":\"https:\/\/schema.org\",\"@graph\":[{\"@type\":\"WebPage\",\"@id\":\"https:\/\/panelteconline.com\/cerramientos-paneleria\/snowsound-paneles-acusticos\/\",\"url\":\"https:\/\/panelteconline.com\/cerramientos-paneleria\/snowsound-paneles-acusticos\/\",\"name\":\"Snowsound \u2013 P\u00e1neles Ac\u00fasticos - Paneltec\",\"isPartOf\":{\"@id\":\"https:\/\/panelteconline.com\/#website\"},\"datePublished\":\"2021-08-17T20:54:59+00:00\",\"dateModified\":\"2021-08-27T20:14:31+00:00\",\"breadcrumb\":{\"@id\":\"https:\/\/panelteconline.com\/cerramientos-paneleria\/snowsound-paneles-acusticos\/#breadcrumb\"},\"inLanguage\":\"en-US\",\"potentialAction\":[{\"@type\":\"ReadAction\",\"target\":[\"https:\/\/panelteconline.com\/cerramientos-paneleria\/snowsound-paneles-acusticos\/\"]}]},{\"@type\":\"BreadcrumbList\",\"@id\":\"https:\/\/panelteconline.com\/cerramientos-paneleria\/snowsound-paneles-acusticos\/#breadcrumb\",\"itemListElement\":[{\"@type\":\"ListItem\",\"position\":1,\"name\":\"Portada\",\"item\":\"https:\/\/panelteconline.com\/\"},{\"@type\":\"ListItem\",\"position\":2,\"name\":\"Cerramientos &#038; Paneler\u00eda\",\"item\":\"https:\/\/panelteconline.com\/cerramientos-paneleria\/\"},{\"@type\":\"ListItem\",\"position\":3,\"name\":\"Snowsound \u2013 P\u00e1neles Ac\u00fasticos\"}]},{\"@type\":\"WebSite\",\"@id\":\"https:\/\/panelteconline.com\/#website\",\"url\":\"https:\/\/panelteconline.com\/\",\"name\":\"Paneltec\",\"description\":\"\",\"publisher\":{\"@id\":\"https:\/\/panelteconline.com\/#organization\"},\"potentialAction\":[{\"@type\":\"SearchAction\",\"target\":{\"@type\":\"EntryPoint\",\"urlTemplate\":\"https:\/\/panelteconline.com\/?s={search_term_string}\"},\"query-input\":{\"@type\":\"PropertyValueSpecification\",\"valueRequired\":true,\"valueName\":\"search_term_string\"}}],\"inLanguage\":\"en-US\"},{\"@type\":\"Organization\",\"@id\":\"https:\/\/panelteconline.com\/#organization\",\"name\":\"Paneltec\",\"url\":\"https:\/\/panelteconline.com\/\",\"logo\":{\"@type\":\"ImageObject\",\"inLanguage\":\"en-US\",\"@id\":\"https:\/\/panelteconline.com\/#\/schema\/logo\/image\/\",\"url\":\"https:\/\/panelteconline.com\/wp-content\/uploads\/2021\/08\/logo-Paneltec-nuevo.png\",\"contentUrl\":\"https:\/\/panelteconline.com\/wp-content\/uploads\/2021\/08\/logo-Paneltec-nuevo.png\",\"width\":5272,\"height\":992,\"caption\":\"Paneltec\"},\"image\":{\"@id\":\"https:\/\/panelteconline.com\/#\/schema\/logo\/image\/\"}}]}<\/script>\n<!-- \/ Yoast SEO plugin. -->","yoast_head_json":{"title":"Snowsound \u2013 P\u00e1neles Ac\u00fasticos - Paneltec","robots":{"index":"index","follow":"follow","max-snippet":"max-snippet:-1","max-image-preview":"max-image-preview:large","max-video-preview":"max-video-preview:-1"},"canonical":"https:\/\/panelteconline.com\/en\/cerramientos-paneleria\/snowsound-paneles-acusticos\/","og_locale":"en_US","og_type":"article","og_title":"Snowsound \u2013 P\u00e1neles Ac\u00fasticos - Paneltec","og_description":"Snowsound &#8211; P\u00e1neles Ac\u00fasticos","og_url":"https:\/\/panelteconline.com\/en\/cerramientos-paneleria\/snowsound-paneles-acusticos\/","og_site_name":"Paneltec","article_modified_time":"2021-08-27T20:14:31+00:00","twitter_card":"summary_large_image","schema":{"@context":"https:\/\/schema.org","@graph":[{"@type":"WebPage","@id":"https:\/\/panelteconline.com\/cerramientos-paneleria\/snowsound-paneles-acusticos\/","url":"https:\/\/panelteconline.com\/cerramientos-paneleria\/snowsound-paneles-acusticos\/","name":"Snowsound \u2013 P\u00e1neles Ac\u00fasticos - Paneltec","isPartOf":{"@id":"https:\/\/panelteconline.com\/#website"},"datePublished":"2021-08-17T20:54:59+00:00","dateModified":"2021-08-27T20:14:31+00:00","breadcrumb":{"@id":"https:\/\/panelteconline.com\/cerramientos-paneleria\/snowsound-paneles-acusticos\/#breadcrumb"},"inLanguage":"en-US","potentialAction":[{"@type":"ReadAction","target":["https:\/\/panelteconline.com\/cerramientos-paneleria\/snowsound-paneles-acusticos\/"]}]},{"@type":"BreadcrumbList","@id":"https:\/\/panelteconline.com\/cerramientos-paneleria\/snowsound-paneles-acusticos\/#breadcrumb","itemListElement":[{"@type":"ListItem","position":1,"name":"Portada","item":"https:\/\/panelteconline.com\/"},{"@type":"ListItem","position":2,"name":"Cerramientos &#038; Paneler\u00eda","item":"https:\/\/panelteconline.com\/cerramientos-paneleria\/"},{"@type":"ListItem","position":3,"name":"Snowsound \u2013 P\u00e1neles Ac\u00fasticos"}]},{"@type":"WebSite","@id":"https:\/\/panelteconline.com\/#website","url":"https:\/\/panelteconline.com\/","name":"Paneltec","description":"","publisher":{"@id":"https:\/\/panelteconline.com\/#organization"},"potentialAction":[{"@type":"SearchAction","target":{"@type":"EntryPoint","urlTemplate":"https:\/\/panelteconline.com\/?s={search_term_string}"},"query-input":{"@type":"PropertyValueSpecification","valueRequired":true,"valueName":"search_term_string"}}],"inLanguage":"en-US"},{"@type":"Organization","@id":"https:\/\/panelteconline.com\/#organization","name":"Paneltec","url":"https:\/\/panelteconline.com\/","logo":{"@type":"ImageObject","inLanguage":"en-US","@id":"https:\/\/panelteconline.com\/#\/schema\/logo\/image\/","url":"https:\/\/panelteconline.com\/wp-content\/uploads\/2021\/08\/logo-Paneltec-nuevo.png","contentUrl":"https:\/\/panelteconline.com\/wp-content\/uploads\/2021\/08\/logo-Paneltec-nuevo.png","width":5272,"height":992,"caption":"Paneltec"},"image":{"@id":"https:\/\/panelteconline.com\/#\/schema\/logo\/image\/"}}]}},"_links":{"self":[{"href":"https:\/\/panelteconline.com\/en\/wp-json\/wp\/v2\/pages\/1368","targetHints":{"allow":["GET"]}}],"collection":[{"href":"https:\/\/panelteconline.com\/en\/wp-json\/wp\/v2\/pages"}],"about":[{"href":"https:\/\/panelteconline.com\/en\/wp-json\/wp\/v2\/types\/page"}],"author":[{"embeddable":true,"href":"https:\/\/panelteconline.com\/en\/wp-json\/wp\/v2\/users\/2"}],"replies":[{"embeddable":true,"href":"https:\/\/panelteconline.com\/en\/wp-json\/wp\/v2\/comments?post=1368"}],"version-history":[{"count":10,"href":"https:\/\/panelteconline.com\/en\/wp-json\/wp\/v2\/pages\/1368\/revisions"}],"predecessor-version":[{"id":1954,"href":"https:\/\/panelteconline.com\/en\/wp-json\/wp\/v2\/pages\/1368\/revisions\/1954"}],"up":[{"embeddable":true,"href":"https:\/\/panelteconline.com\/en\/wp-json\/wp\/v2\/pages\/365"}],"wp:attachment":[{"href":"https:\/\/panelteconline.com\/en\/wp-json\/wp\/v2\/media?parent=1368"}],"curies":[{"name":"wp","href":"https:\/\/api.w.org\/{rel}","templated":true}]}}